{"id":851,"date":"2015-07-12T22:41:35","date_gmt":"2015-07-12T22:41:35","guid":{"rendered":"http:\/\/www.mulheresliberais.com\/blog\/?page_id=851"},"modified":"2015-07-12T22:41:35","modified_gmt":"2015-07-12T22:41:35","slug":"encontros-extraconjugais-em-aveiro","status":"publish","type":"page","link":"https:\/\/www.mulheresliberais.com\/blog\/encontros-extraconjugais-em-aveiro\/","title":{"rendered":"Encontros extraconjugais em Aveiro"},"content":{"rendered":"<p>J\u00e1 alguma vez sentiu que o seu casamento perdeu toda a chama que tinha? Que as posi\u00e7\u00f5es sexuais s\u00e3o sempre as mesmas? Que a vontade j\u00e1 n\u00e3o \u00e9 quase nenhuma?<\/p>\n<p>N\u00e3o h\u00e1 nada pior do que algu\u00e9m se sentir preso no seu pr\u00f3prio casamento e pior ainda, que as rela\u00e7\u00f5es sexuais se tenham tornado numa rotina sem fim! Ent\u00e3o veio ao local certo, no Mulheres Liberais queremos que se sinta vivo\/a e desejado novamente e para isso, temos o melhor rem\u00e9dio de sempre\u2026 <strong>Encontros extraconjugais<\/strong>\u2026<\/p>\n<p>At\u00e9 pode achar que \u00e9 mentira, mas saiba desde j\u00e1 que o que n\u00e3o faltam s\u00e3o tanto homens casados como mulheres casadas infi\u00e9is desejosos\/as de ter encontros extraconjugais. O desejo sexual, o apetite sexual e a cobi\u00e7a ir\u00e3o faz\u00ea-lo sentir-se rejuvenescido e novamente apaixonado tanto por si como pelo sexo!<\/p>\n<p>Os <strong>encontros extraconjugais na regi\u00e3o de Aveiro<\/strong> ser\u00e3o os seus novos programas de segunda, ter\u00e7a, quarta, quinta at\u00e9 domingo \u00e0 noite, n\u00e3o se preocupe em tentar encontrar pessoas pois basta registar-se no site e as conversas online ser\u00e3o mais que muitas, se calhar ir\u00e1 ficar \u00e9 farto de tanto aten\u00e7\u00e3o! Ser\u00e1 que isso alguma vez ser\u00e1 mesmo poss\u00edvel?<\/p>\n<h2><\/h2>\n<h2>Mulheres casadas e encontros extraconjugais<\/h2>\n<p>Acredite que foram v\u00e1rias as mulheres casadas que se sentiam sozinhas e com falta de amor e aten\u00e7\u00e3o por parte dos seus maridos, por isso, decidiram tentar uma nova terapia, a <a href=\"https:\/\/www.mulheresliberais.com\/blog\/nao-quero-outra-coisa-senao-sexo-casual\/\">terapia de encontros escaldantes<\/a>. Nenhuma das nossas utilizadoras se mostrou arrependida pela decis\u00e3o que tomou, ali\u00e1s de momento todas elas se queixam que n\u00e3o t\u00eam \u00e9 tempo nem vontade para estar com os maridos.<\/p>\n<p>A conquista de novos amantes faz com que se sintam amadas, sensuais e o mais importante de tudo, sentem-se desejadas por outros homens. O prazer est\u00e1 novamente na sua vida e na sua rotina di\u00e1rio! Ali\u00e1s, h\u00e1 casadas infi\u00e9is que at\u00e9 decidiram abrir os seus horizontes e tentar novas experi\u00eancias sexuais com outras mulheres casadas infi\u00e9is.<\/p>\n<p>&nbsp;<\/p>\n<h2>Aveiro e os encontros extraconjugais<\/h2>\n<p>As mulheres de Aveiro, \u00c1gueda, Anadia, Mealhada ou Castelo de Paiva, s\u00e3o conhecidas por ser uma das mulheres mais belas de Portugal mas tamb\u00e9m por serem extremamente rom\u00e2nticos! Os encontros extraconjugais al\u00e9m de serem carregados de prazer, elas procuram um homem que as saiba fazer viajar no tempo e levar a passear numa bela g\u00f4ndola como se estivesse nas \u00e1guas de It\u00e1lia!<\/p>\n<p>Mas se mesmo assim os encontros discretos n\u00e3o lhe enchem a barriga por completo, ent\u00e3o n\u00e3o se pode mesmo esquecer de dar um salto aos arredores de Aveiro, mais especificamente \u00e0 Mealhada, onde ir\u00e1 encontrar o melhor leit\u00e3o assado de sempre!<\/p>\n<p>Os encontros extraconjugais amorosos ir\u00e3o faz\u00ea-lo sentir novamente prazer, desejo, e acima de tudo, os momentos de monotonia ir\u00e3o desaparecer por completo, isso far\u00e1 apenas parte do seu passado!<\/p>\n<p>Se quer realmente ter encontros \u00edntimos que aumentem a sua tes\u00e3o e prazer, marque encontros com as maravilhosas mulheres casadas infi\u00e9is de Aveiro! Deixe de lado todos os seus preconceitos e tabus e entre na melhor aventura que alguma vez poderia viver na sua vida\u2026<\/p>\n","protected":false},"excerpt":{"rendered":"<p>J\u00e1 alguma vez sentiu que o seu casamento perdeu toda a chama que tinha? Que as posi\u00e7\u00f5es sexuais s\u00e3o sempre as mesmas? Que a vontade j\u00e1 n\u00e3o \u00e9 quase nenhuma? N\u00e3o h\u00e1 nada pior do que algu\u00e9m se sentir preso no seu pr\u00f3prio casamento e pior ainda, que as rela\u00e7\u00f5es sexuais se tenham tornado numa rotina sem fim! Ent\u00e3o veio ao local certo, no Mulheres Liberais queremos que se sinta vivo\/a e desejado novamente e para isso, temos o melhor rem\u00e9dio de sempre\u2026 Encontros extraconjugais\u2026 At\u00e9 pode achar que \u00e9 mentira, mas saiba desde j\u00e1 que o que n\u00e3o faltam <\/p>\n","protected":false},"author":1,"featured_media":793,"parent":0,"menu_order":0,"comment_status":"open","ping_status":"open","template":"page-parallax.php","meta":{"spay_email":""},"yoast_head":"<!-- This site is optimized with the Yoast SEO plugin v17.9 - https:\/\/yoast.com\/wordpress\/plugins\/seo\/ -->\n<meta name=\"description\" content=\"Encontros extraconjugais em Aveiro\" \/>\n<meta name=\"robots\" content=\"index, follow, max-snippet:-1, max-image-preview:large, max-video-preview:-1\" \/>\n<link rel=\"canonical\" href=\"https:\/\/www.mulheresliberais.com\/blog\/encontros-extraconjugais-em-aveiro\/\" \/>\n<meta property=\"og:locale\" content=\"pt_PT\" \/>\n<meta property=\"og:type\" content=\"article\" \/>\n<meta property=\"og:title\" content=\"Encontros extraconjugais em Aveiro - Mulheres Liberais\" \/>\n<meta property=\"og:description\" content=\"Encontros extraconjugais em Aveiro\" \/>\n<meta property=\"og:url\" content=\"https:\/\/www.mulheresliberais.com\/blog\/encontros-extraconjugais-em-aveiro\/\" \/>\n<meta property=\"og:site_name\" content=\"Mulheres Liberais\" \/>\n<meta property=\"og:image\" content=\"https:\/\/www.mulheresliberais.com\/blog\/wp-content\/uploads\/2015\/07\/encontros-extraconjugais.jpg\" \/>\n\t<meta property=\"og:image:width\" content=\"750\" \/>\n\t<meta property=\"og:image:height\" content=\"499\" \/>\n\t<meta property=\"og:image:type\" content=\"image\/jpeg\" \/>\n<meta name=\"twitter:label1\" content=\"Tempo estimado de leitura\" \/>\n\t<meta name=\"twitter:data1\" content=\"3 minutos\" \/>\n<script type=\"application\/ld+json\" class=\"yoast-schema-graph\">{\"@context\":\"https:\/\/schema.org\",\"@graph\":[{\"@type\":\"WebSite\",\"@id\":\"http:\/\/www.mulheresliberais.com\/blog\/#website\",\"url\":\"http:\/\/www.mulheresliberais.com\/blog\/\",\"name\":\"Mulheres Liberais\",\"description\":\"Encontros Sem Compromisso\",\"potentialAction\":[{\"@type\":\"SearchAction\",\"target\":{\"@type\":\"EntryPoint\",\"urlTemplate\":\"http:\/\/www.mulheresliberais.com\/blog\/?s={search_term_string}\"},\"query-input\":\"required name=search_term_string\"}],\"inLanguage\":\"pt-PT\"},{\"@type\":\"ImageObject\",\"@id\":\"https:\/\/www.mulheresliberais.com\/blog\/encontros-extraconjugais-em-aveiro\/#primaryimage\",\"inLanguage\":\"pt-PT\",\"url\":\"https:\/\/www.mulheresliberais.com\/blog\/wp-content\/uploads\/2015\/07\/encontros-extraconjugais.jpg\",\"contentUrl\":\"https:\/\/www.mulheresliberais.com\/blog\/wp-content\/uploads\/2015\/07\/encontros-extraconjugais.jpg\",\"width\":750,\"height\":499,\"caption\":\"encontros extraconjugais\"},{\"@type\":\"WebPage\",\"@id\":\"https:\/\/www.mulheresliberais.com\/blog\/encontros-extraconjugais-em-aveiro\/#webpage\",\"url\":\"https:\/\/www.mulheresliberais.com\/blog\/encontros-extraconjugais-em-aveiro\/\",\"name\":\"Encontros extraconjugais em Aveiro - Mulheres Liberais\",\"isPartOf\":{\"@id\":\"http:\/\/www.mulheresliberais.com\/blog\/#website\"},\"primaryImageOfPage\":{\"@id\":\"https:\/\/www.mulheresliberais.com\/blog\/encontros-extraconjugais-em-aveiro\/#primaryimage\"},\"datePublished\":\"2015-07-12T22:41:35+00:00\",\"dateModified\":\"2015-07-12T22:41:35+00:00\",\"description\":\"Encontros extraconjugais em Aveiro\",\"breadcrumb\":{\"@id\":\"https:\/\/www.mulheresliberais.com\/blog\/encontros-extraconjugais-em-aveiro\/#breadcrumb\"},\"inLanguage\":\"pt-PT\",\"potentialAction\":[{\"@type\":\"ReadAction\",\"target\":[\"https:\/\/www.mulheresliberais.com\/blog\/encontros-extraconjugais-em-aveiro\/\"]}]},{\"@type\":\"BreadcrumbList\",\"@id\":\"https:\/\/www.mulheresliberais.com\/blog\/encontros-extraconjugais-em-aveiro\/#breadcrumb\",\"itemListElement\":[{\"@type\":\"ListItem\",\"position\":1,\"name\":\"Home\",\"item\":\"http:\/\/www.mulheresliberais.com\/blog\/\"},{\"@type\":\"ListItem\",\"position\":2,\"name\":\"Encontros extraconjugais em Aveiro\"}]}]}<\/script>\n<!-- \/ Yoast SEO plugin. -->","yoast_head_json":{"description":"Encontros extraconjugais em Aveiro","robots":{"index":"index","follow":"follow","max-snippet":"max-snippet:-1","max-image-preview":"max-image-preview:large","max-video-preview":"max-video-preview:-1"},"canonical":"https:\/\/www.mulheresliberais.com\/blog\/encontros-extraconjugais-em-aveiro\/","og_locale":"pt_PT","og_type":"article","og_title":"Encontros extraconjugais em Aveiro - Mulheres Liberais","og_description":"Encontros extraconjugais em Aveiro","og_url":"https:\/\/www.mulheresliberais.com\/blog\/encontros-extraconjugais-em-aveiro\/","og_site_name":"Mulheres Liberais","og_image":[{"width":750,"height":499,"url":"https:\/\/www.mulheresliberais.com\/blog\/wp-content\/uploads\/2015\/07\/encontros-extraconjugais.jpg","type":"image\/jpeg"}],"twitter_misc":{"Tempo estimado de leitura":"3 minutos"},"schema":{"@context":"https:\/\/schema.org","@graph":[{"@type":"WebSite","@id":"http:\/\/www.mulheresliberais.com\/blog\/#website","url":"http:\/\/www.mulheresliberais.com\/blog\/","name":"Mulheres Liberais","description":"Encontros Sem Compromisso","potentialAction":[{"@type":"SearchAction","target":{"@type":"EntryPoint","urlTemplate":"http:\/\/www.mulheresliberais.com\/blog\/?s={search_term_string}"},"query-input":"required name=search_term_string"}],"inLanguage":"pt-PT"},{"@type":"ImageObject","@id":"https:\/\/www.mulheresliberais.com\/blog\/encontros-extraconjugais-em-aveiro\/#primaryimage","inLanguage":"pt-PT","url":"https:\/\/www.mulheresliberais.com\/blog\/wp-content\/uploads\/2015\/07\/encontros-extraconjugais.jpg","contentUrl":"https:\/\/www.mulheresliberais.com\/blog\/wp-content\/uploads\/2015\/07\/encontros-extraconjugais.jpg","width":750,"height":499,"caption":"encontros extraconjugais"},{"@type":"WebPage","@id":"https:\/\/www.mulheresliberais.com\/blog\/encontros-extraconjugais-em-aveiro\/#webpage","url":"https:\/\/www.mulheresliberais.com\/blog\/encontros-extraconjugais-em-aveiro\/","name":"Encontros extraconjugais em Aveiro - Mulheres Liberais","isPartOf":{"@id":"http:\/\/www.mulheresliberais.com\/blog\/#website"},"primaryImageOfPage":{"@id":"https:\/\/www.mulheresliberais.com\/blog\/encontros-extraconjugais-em-aveiro\/#primaryimage"},"datePublished":"2015-07-12T22:41:35+00:00","dateModified":"2015-07-12T22:41:35+00:00","description":"Encontros extraconjugais em Aveiro","breadcrumb":{"@id":"https:\/\/www.mulheresliberais.com\/blog\/encontros-extraconjugais-em-aveiro\/#breadcrumb"},"inLanguage":"pt-PT","potentialAction":[{"@type":"ReadAction","target":["https:\/\/www.mulheresliberais.com\/blog\/encontros-extraconjugais-em-aveiro\/"]}]},{"@type":"BreadcrumbList","@id":"https:\/\/www.mulheresliberais.com\/blog\/encontros-extraconjugais-em-aveiro\/#breadcrumb","itemListElement":[{"@type":"ListItem","position":1,"name":"Home","item":"http:\/\/www.mulheresliberais.com\/blog\/"},{"@type":"ListItem","position":2,"name":"Encontros extraconjugais em Aveiro"}]}]}},"jetpack_sharing_enabled":true,"jetpack_shortlink":"https:\/\/wp.me\/P6gLwv-dJ","jetpack-related-posts":[{"id":1091,"url":"https:\/\/www.mulheresliberais.com\/blog\/relacionamentos-para-casados-no-rio-grande-do-norte\/","url_meta":{"origin":851,"position":0},"title":"Arranje relacionamentos para casados no Rio Grande do norte","date":"","format":false,"excerpt":"Arranje relacionamentos para casados no Rio Grande do norte! Se o seu casamento entrou numa fase em que a \u00fanica coisa que fazem \u00e9 mesmo ver televis\u00e3o, ent\u00e3o as coisas entraram mesmo na fase de rotina e nenhum casal gosta disso! O Rio Grande do Norte \u00e9 conhecido pelas belas\u2026","rel":"","context":"With 1 comment","img":{"alt_text":"relacionamentos para casados","src":"https:\/\/i2.wp.com\/www.mulheresliberais.com\/blog\/wp-content\/uploads\/2015\/07\/relacionamentos-para-casados.jpg?resize=350%2C200&ssl=1","width":350,"height":200},"classes":[]},{"id":901,"url":"https:\/\/www.mulheresliberais.com\/blog\/mulheres-casadas-procuram-homens-em-santarem\/","url_meta":{"origin":851,"position":1},"title":"Mulheres casadas procuram homens em Santar\u00e9m","date":"","format":false,"excerpt":"As mulheres casadas infi\u00e9is de Santar\u00e9m h\u00e1 muito que se sentem insatisfeitas com os seus maridos, por isso criamos a comunidade\u00a0Mulheres Liberais, para que possam satisfazer as suas necessidades e se sintam mais amadas. H\u00e1 v\u00e1rias mulheres casadas que procuram homens para terem encontros sem compromissos e para aproveitar o\u2026","rel":"","context":"With 1 comment","img":{"alt_text":"mulheres casadas","src":"https:\/\/i2.wp.com\/www.mulheresliberais.com\/blog\/wp-content\/uploads\/2015\/07\/mulheres-casadas.jpg?resize=350%2C200&ssl=1","width":350,"height":200},"classes":[]},{"id":779,"url":"https:\/\/www.mulheresliberais.com\/blog\/casadas-gostosas-infieis-em-vila-real\/","url_meta":{"origin":851,"position":2},"title":"Casadas gostosas infi\u00e9is em Vila Real","date":"","format":false,"excerpt":"As mulheres infi\u00e9is de Vila Real s\u00e3o conhecidas por serem mulheres casadas gostosas e que acima de tudo nunca est\u00e3o satisfeitas com o que t\u00eam. Estas casadas gostosas s\u00e3o mulheres que procuram homens tamb\u00e9m infi\u00e9is que lhes ofere\u00e7am o sexo que nunca conseguiram ter com os seus companheiros. As casadas\u2026","rel":"","context":"With 1 comment","img":{"alt_text":"casadas gostosas","src":"https:\/\/i1.wp.com\/www.mulheresliberais.com\/blog\/wp-content\/uploads\/2015\/07\/casadas-gostosas.jpg?resize=350%2C200&ssl=1","width":350,"height":200},"classes":[]},{"id":1095,"url":"https:\/\/www.mulheresliberais.com\/blog\/encontros-entre-casados-em-santa-catarina\/","url_meta":{"origin":851,"position":3},"title":"Encontros entre casados em Santa Catarina","date":"","format":false,"excerpt":"A vida de um casal acaba sempre por perder um pouco do seu brilho ap\u00f3s algum tempo juntos, n\u00e3o concorda? O casamento e a rotina da vida te deixa farto de coisas que dantes voc\u00ea at\u00e9 adorava! Os encontros entre casados s\u00e3o cada vez mais comum em todas as partes\u2026","rel":"","context":"With 1 comment","img":{"alt_text":"","src":"","width":0,"height":0},"classes":[]},{"id":775,"url":"https:\/\/www.mulheresliberais.com\/blog\/mulheres-casadas-infieis-na-zona-de-viana-do-castelo\/","url_meta":{"origin":851,"position":4},"title":"Mulheres casadas infi\u00e9is na zona de Viana do Castelo","date":"","format":false,"excerpt":"J\u00e1 alguma vez considerou conhecer mulheres casadas infi\u00e9is na zona de Viana do Castelo? Se j\u00e1 lhe tinha passado pela cabe\u00e7a ter encontros extraconjugais com mulheres casadas ent\u00e3o a melhor forma de as conhecer \u00e9 atrav\u00e9s do Mulheres Liberais. N\u00e3o haver\u00e1 melhor local para conhecer mulheres online e qui\u00e7\u00e1 a\u2026","rel":"","context":"With 4 comments","img":{"alt_text":"mulheres casadas infi\u00e9is","src":"https:\/\/i0.wp.com\/www.mulheresliberais.com\/blog\/wp-content\/uploads\/2015\/07\/mulheres-casadas-infieis.jpg?resize=350%2C200&ssl=1","width":350,"height":200},"classes":[]},{"id":1089,"url":"https:\/\/www.mulheresliberais.com\/blog\/tenha-encontros-casuais-do-rio-grande-do-sul\/","url_meta":{"origin":851,"position":5},"title":"Tenha encontros casuais do Rio Grande do Sul","date":"","format":false,"excerpt":"Sabia que as mulheres casadas do Rio Grande do Sul adoram ter encontros casuais? N\u00e3o? Ent\u00e3o pode mudar de ideias pois esta \u00e9 mesmo a verdadeira realidade, estas mulheres casadas gostosas andam sempre \u00e0 procura de inovar a sua vida sexual e nada melhor do que terem encontros extraconjugais. Apaixone-se\u2026","rel":"","context":"With 4 comments","img":{"alt_text":"","src":"","width":0,"height":0},"classes":[]}],"_links":{"self":[{"href":"https:\/\/www.mulheresliberais.com\/blog\/wp-json\/wp\/v2\/pages\/851"}],"collection":[{"href":"https:\/\/www.mulheresliberais.com\/blog\/wp-json\/wp\/v2\/pages"}],"about":[{"href":"https:\/\/www.mulheresliberais.com\/blog\/wp-json\/wp\/v2\/types\/page"}],"author":[{"embeddable":true,"href":"https:\/\/www.mulheresliberais.com\/blog\/wp-json\/wp\/v2\/users\/1"}],"replies":[{"embeddable":true,"href":"https:\/\/www.mulheresliberais.com\/blog\/wp-json\/wp\/v2\/comments?post=851"}],"version-history":[{"count":2,"href":"https:\/\/www.mulheresliberais.com\/blog\/wp-json\/wp\/v2\/pages\/851\/revisions"}],"predecessor-version":[{"id":853,"href":"https:\/\/www.mulheresliberais.com\/blog\/wp-json\/wp\/v2\/pages\/851\/revisions\/853"}],"wp:featuredmedia":[{"embeddable":true,"href":"https:\/\/www.mulheresliberais.com\/blog\/wp-json\/wp\/v2\/media\/793"}],"wp:attachment":[{"href":"https:\/\/www.mulheresliberais.com\/blog\/wp-json\/wp\/v2\/media?parent=851"}],"curies":[{"name":"wp","href":"https:\/\/api.w.org\/{rel}","templated":true}]}}