{"id":779,"date":"2015-07-08T17:14:09","date_gmt":"2015-07-08T17:14:09","guid":{"rendered":"http:\/\/www.mulheresliberais.com\/blog\/?page_id=779"},"modified":"2015-07-08T17:14:09","modified_gmt":"2015-07-08T17:14:09","slug":"casadas-gostosas-infieis-em-vila-real","status":"publish","type":"page","link":"https:\/\/www.mulheresliberais.com\/blog\/casadas-gostosas-infieis-em-vila-real\/","title":{"rendered":"Casadas gostosas infi\u00e9is em Vila Real"},"content":{"rendered":"<p>As mulheres infi\u00e9is de Vila Real s\u00e3o conhecidas por serem mulheres casadas gostosas e que acima de tudo nunca est\u00e3o satisfeitas com o que t\u00eam. Estas casadas gostosas s\u00e3o mulheres que procuram homens tamb\u00e9m infi\u00e9is que lhes ofere\u00e7am o sexo que nunca conseguiram ter com os seus companheiros.<\/p>\n<p>As<strong> casadas gostosas de Vila Real s\u00e3o peritas em encontros sem compromisso<\/strong> e n\u00e3o querem nada s\u00e9rio, acima de tudo gostam de aproveitar a vida!<\/p>\n<p>Se sempre quis conquistar mulheres casadas infi\u00e9is do Norte, ent\u00e3o \u00e9 a sua oportunidade, n\u00e3o a perca porque estas mulheres sabem bem o que querem e o que fazem.<\/p>\n<p>Perceba o que as casadas gostosas de Vila Real e arredores realmente querem nos homens!<\/p>\n<h2>Declara\u00e7\u00f5es de casadas gostosas de Vila Real:<\/h2>\n<blockquote><p>Nunca pensei vir-me a inscrever neste tipo de sites de encontros mas quando as minhas amigas me falaram deste n\u00e3o consegui resistir \u00e0 tenta\u00e7\u00e3o! Percebi que afinal h\u00e1 encontros extraconjugais que valem realmente a pena por mais que nos digam que n\u00e3o! O site Mulheres Liberais ajudou-me a conhecer homens extremamente interessantes e com os fetiches sexuais que eu! Compreendi que afinal o prazer n\u00e3o tem que estar limitado a uma s\u00f3 pessoa e a uma s\u00f3 <a href=\"https:\/\/www.mulheresliberais.com\/blog\/posicoes-sexuais-para-usar-com-o-seu-parceiro\/\">posi\u00e7\u00e3o sexual<\/a>. Os encontros infi\u00e9is que tive at\u00e9 agora mostraram-me um novo mundo de prazer e sensualidade que desconhecia completamente\u2026 Recomendo vivamente a todas as mulheres!<\/p><\/blockquote>\n<p style=\"text-align: right;\"><em>H\u00e9lia- Sta. Marta de Penagui\u00e3o<\/em><\/p>\n<p>&nbsp;<\/p>\n<blockquote><p>Depois de um casamento com mais de 25 anos, a chama da paix\u00e3o e do amor vai desaparecendo at\u00e9 que acaba mesmo por apagar por completo. Ainda nos damos muito bem enquanto casal e como amigos, mas a parte sexual j\u00e1 desapareceu e eu ainda tenho muito amor para oferecer, n\u00e3o quis parar e por isso inscrevi-me no vosso site! Apesar de ser um pouco mais velha ainda me considero uma mulher bonita e atraente e para meu espanto j\u00e1 foram v\u00e1rios os homens que me disseram que acham o mesmo. Os encontros extraconjugais que tenho tido ao longo do ano, foi gra\u00e7as ao vosso site e n\u00e3o tenho queixa absolutamente nenhuma, ali\u00e1s \u00e0s vezes n\u00e3o tenho \u00e9 tempo para dar conversa a tanto homens que me querem conhecer. Acima de tudo, voltei-me a sentir jovem e amada e a minha auto-estimada ficou completamente no topo! Obrigada Mulheres Liberais\u2026.<\/p><\/blockquote>\n<p style=\"text-align: right;\"><em>Maria do Ros\u00e1rio \u2013 Boticas<\/em><\/p>\n<p>&nbsp;<\/p>\n<p>As velhas ruas de Vila Real s\u00e3o conhecidas pela sua hist\u00f3ria e pela sua gastronomia local, como a vitela e o cabrito com arroz assados no forno, por isso imagine-se a visitar antigos monumentos, a comer e a beber bem para depois ter um <a href=\"https:\/\/www.mulheresliberais.com\/blog\/encontros-intimos-e-mulheres\/\">encontro \u00edntimo com uma das nossas casadas gostosas<\/a>\u2026 Ser\u00e1 que esse n\u00e3o seria o final de tarde absolutamente perfeito?<\/p>\n<p><strong>Encontre casadas gostosas infi\u00e9is que se tornem na sua amante de sonho<\/strong>, e tudo isto \u00e0 dist\u00e2ncia de um simples clique. Aproveite e visite ainda a bela Igreja de S\u00e3o Domingos, acredite que j\u00e1 muitos encontros r\u00e1pidos passaram por ali e s\u00e3o v\u00e1rias as mulheres casadas infi\u00e9is que v\u00e3o l\u00e1 confessar os seus pecados, que s\u00e3o mais que muitos!<\/p>\n","protected":false},"excerpt":{"rendered":"<p>As mulheres infi\u00e9is de Vila Real s\u00e3o conhecidas por serem mulheres casadas gostosas e que acima de tudo nunca est\u00e3o satisfeitas com o que t\u00eam. Estas casadas gostosas s\u00e3o mulheres que procuram homens tamb\u00e9m infi\u00e9is que lhes ofere\u00e7am o sexo que nunca conseguiram ter com os seus companheiros. As casadas gostosas de Vila Real s\u00e3o peritas em encontros sem compromisso e n\u00e3o querem nada s\u00e9rio, acima de tudo gostam de aproveitar a vida! Se sempre quis conquistar mulheres casadas infi\u00e9is do Norte, ent\u00e3o \u00e9 a sua oportunidade, n\u00e3o a perca porque estas mulheres sabem bem o que querem e o <\/p>\n","protected":false},"author":1,"featured_media":768,"parent":0,"menu_order":0,"comment_status":"open","ping_status":"open","template":"page-parallax.php","meta":{"spay_email":""},"yoast_head":"<!-- This site is optimized with the Yoast SEO plugin v17.9 - https:\/\/yoast.com\/wordpress\/plugins\/seo\/ -->\n<meta name=\"description\" content=\"Casadas gostosas infi\u00e9is em Vila Real.As mulheres casadas gostosas de Vila Real e arredores est\u00e3o \u00e0 espera de homens interessantes e sensuais para encontros\" \/>\n<meta name=\"robots\" content=\"index, follow, max-snippet:-1, max-image-preview:large, max-video-preview:-1\" \/>\n<link rel=\"canonical\" href=\"https:\/\/www.mulheresliberais.com\/blog\/casadas-gostosas-infieis-em-vila-real\/\" \/>\n<meta property=\"og:locale\" content=\"pt_PT\" \/>\n<meta property=\"og:type\" content=\"article\" \/>\n<meta property=\"og:title\" content=\"Casadas gostosas infi\u00e9is em Vila Real - Mulheres Liberais\" \/>\n<meta property=\"og:description\" content=\"Casadas gostosas infi\u00e9is em Vila Real.As mulheres casadas gostosas de Vila Real e arredores est\u00e3o \u00e0 espera de homens interessantes e sensuais para encontros\" \/>\n<meta property=\"og:url\" content=\"https:\/\/www.mulheresliberais.com\/blog\/casadas-gostosas-infieis-em-vila-real\/\" \/>\n<meta property=\"og:site_name\" content=\"Mulheres Liberais\" \/>\n<meta property=\"og:image\" content=\"https:\/\/www.mulheresliberais.com\/blog\/wp-content\/uploads\/2015\/07\/casadas-gostosas.jpg\" \/>\n\t<meta property=\"og:image:width\" content=\"750\" \/>\n\t<meta property=\"og:image:height\" content=\"500\" \/>\n\t<meta property=\"og:image:type\" content=\"image\/jpeg\" \/>\n<meta name=\"twitter:label1\" content=\"Tempo estimado de leitura\" \/>\n\t<meta name=\"twitter:data1\" content=\"3 minutos\" \/>\n<script type=\"application\/ld+json\" class=\"yoast-schema-graph\">{\"@context\":\"https:\/\/schema.org\",\"@graph\":[{\"@type\":\"WebSite\",\"@id\":\"http:\/\/www.mulheresliberais.com\/blog\/#website\",\"url\":\"http:\/\/www.mulheresliberais.com\/blog\/\",\"name\":\"Mulheres Liberais\",\"description\":\"Encontros Sem Compromisso\",\"potentialAction\":[{\"@type\":\"SearchAction\",\"target\":{\"@type\":\"EntryPoint\",\"urlTemplate\":\"http:\/\/www.mulheresliberais.com\/blog\/?s={search_term_string}\"},\"query-input\":\"required name=search_term_string\"}],\"inLanguage\":\"pt-PT\"},{\"@type\":\"ImageObject\",\"@id\":\"https:\/\/www.mulheresliberais.com\/blog\/casadas-gostosas-infieis-em-vila-real\/#primaryimage\",\"inLanguage\":\"pt-PT\",\"url\":\"https:\/\/www.mulheresliberais.com\/blog\/wp-content\/uploads\/2015\/07\/casadas-gostosas.jpg\",\"contentUrl\":\"https:\/\/www.mulheresliberais.com\/blog\/wp-content\/uploads\/2015\/07\/casadas-gostosas.jpg\",\"width\":750,\"height\":500,\"caption\":\"casadas gostosas\"},{\"@type\":\"WebPage\",\"@id\":\"https:\/\/www.mulheresliberais.com\/blog\/casadas-gostosas-infieis-em-vila-real\/#webpage\",\"url\":\"https:\/\/www.mulheresliberais.com\/blog\/casadas-gostosas-infieis-em-vila-real\/\",\"name\":\"Casadas gostosas infi\\u00e9is em Vila Real - Mulheres Liberais\",\"isPartOf\":{\"@id\":\"http:\/\/www.mulheresliberais.com\/blog\/#website\"},\"primaryImageOfPage\":{\"@id\":\"https:\/\/www.mulheresliberais.com\/blog\/casadas-gostosas-infieis-em-vila-real\/#primaryimage\"},\"datePublished\":\"2015-07-08T17:14:09+00:00\",\"dateModified\":\"2015-07-08T17:14:09+00:00\",\"description\":\"Casadas gostosas infi\\u00e9is em Vila Real.As mulheres casadas gostosas de Vila Real e arredores est\\u00e3o \\u00e0 espera de homens interessantes e sensuais para encontros\",\"breadcrumb\":{\"@id\":\"https:\/\/www.mulheresliberais.com\/blog\/casadas-gostosas-infieis-em-vila-real\/#breadcrumb\"},\"inLanguage\":\"pt-PT\",\"potentialAction\":[{\"@type\":\"ReadAction\",\"target\":[\"https:\/\/www.mulheresliberais.com\/blog\/casadas-gostosas-infieis-em-vila-real\/\"]}]},{\"@type\":\"BreadcrumbList\",\"@id\":\"https:\/\/www.mulheresliberais.com\/blog\/casadas-gostosas-infieis-em-vila-real\/#breadcrumb\",\"itemListElement\":[{\"@type\":\"ListItem\",\"position\":1,\"name\":\"Home\",\"item\":\"http:\/\/www.mulheresliberais.com\/blog\/\"},{\"@type\":\"ListItem\",\"position\":2,\"name\":\"Casadas gostosas infi\\u00e9is em Vila Real\"}]}]}<\/script>\n<!-- \/ Yoast SEO plugin. -->","yoast_head_json":{"description":"Casadas gostosas infi\u00e9is em Vila Real.As mulheres casadas gostosas de Vila Real e arredores est\u00e3o \u00e0 espera de homens interessantes e sensuais para encontros","robots":{"index":"index","follow":"follow","max-snippet":"max-snippet:-1","max-image-preview":"max-image-preview:large","max-video-preview":"max-video-preview:-1"},"canonical":"https:\/\/www.mulheresliberais.com\/blog\/casadas-gostosas-infieis-em-vila-real\/","og_locale":"pt_PT","og_type":"article","og_title":"Casadas gostosas infi\u00e9is em Vila Real - Mulheres Liberais","og_description":"Casadas gostosas infi\u00e9is em Vila Real.As mulheres casadas gostosas de Vila Real e arredores est\u00e3o \u00e0 espera de homens interessantes e sensuais para encontros","og_url":"https:\/\/www.mulheresliberais.com\/blog\/casadas-gostosas-infieis-em-vila-real\/","og_site_name":"Mulheres Liberais","og_image":[{"width":750,"height":500,"url":"https:\/\/www.mulheresliberais.com\/blog\/wp-content\/uploads\/2015\/07\/casadas-gostosas.jpg","type":"image\/jpeg"}],"twitter_misc":{"Tempo estimado de leitura":"3 minutos"},"schema":{"@context":"https:\/\/schema.org","@graph":[{"@type":"WebSite","@id":"http:\/\/www.mulheresliberais.com\/blog\/#website","url":"http:\/\/www.mulheresliberais.com\/blog\/","name":"Mulheres Liberais","description":"Encontros Sem Compromisso","potentialAction":[{"@type":"SearchAction","target":{"@type":"EntryPoint","urlTemplate":"http:\/\/www.mulheresliberais.com\/blog\/?s={search_term_string}"},"query-input":"required name=search_term_string"}],"inLanguage":"pt-PT"},{"@type":"ImageObject","@id":"https:\/\/www.mulheresliberais.com\/blog\/casadas-gostosas-infieis-em-vila-real\/#primaryimage","inLanguage":"pt-PT","url":"https:\/\/www.mulheresliberais.com\/blog\/wp-content\/uploads\/2015\/07\/casadas-gostosas.jpg","contentUrl":"https:\/\/www.mulheresliberais.com\/blog\/wp-content\/uploads\/2015\/07\/casadas-gostosas.jpg","width":750,"height":500,"caption":"casadas gostosas"},{"@type":"WebPage","@id":"https:\/\/www.mulheresliberais.com\/blog\/casadas-gostosas-infieis-em-vila-real\/#webpage","url":"https:\/\/www.mulheresliberais.com\/blog\/casadas-gostosas-infieis-em-vila-real\/","name":"Casadas gostosas infi\u00e9is em Vila Real - Mulheres Liberais","isPartOf":{"@id":"http:\/\/www.mulheresliberais.com\/blog\/#website"},"primaryImageOfPage":{"@id":"https:\/\/www.mulheresliberais.com\/blog\/casadas-gostosas-infieis-em-vila-real\/#primaryimage"},"datePublished":"2015-07-08T17:14:09+00:00","dateModified":"2015-07-08T17:14:09+00:00","description":"Casadas gostosas infi\u00e9is em Vila Real.As mulheres casadas gostosas de Vila Real e arredores est\u00e3o \u00e0 espera de homens interessantes e sensuais para encontros","breadcrumb":{"@id":"https:\/\/www.mulheresliberais.com\/blog\/casadas-gostosas-infieis-em-vila-real\/#breadcrumb"},"inLanguage":"pt-PT","potentialAction":[{"@type":"ReadAction","target":["https:\/\/www.mulheresliberais.com\/blog\/casadas-gostosas-infieis-em-vila-real\/"]}]},{"@type":"BreadcrumbList","@id":"https:\/\/www.mulheresliberais.com\/blog\/casadas-gostosas-infieis-em-vila-real\/#breadcrumb","itemListElement":[{"@type":"ListItem","position":1,"name":"Home","item":"http:\/\/www.mulheresliberais.com\/blog\/"},{"@type":"ListItem","position":2,"name":"Casadas gostosas infi\u00e9is em Vila Real"}]}]}},"jetpack_sharing_enabled":true,"jetpack_shortlink":"https:\/\/wp.me\/P6gLwv-cz","jetpack-related-posts":[{"id":928,"url":"https:\/\/www.mulheresliberais.com\/blog\/encontros-sem-compromisso-em-beja\/","url_meta":{"origin":779,"position":0},"title":"Encontros sem compromisso em Beja","date":"","format":false,"excerpt":"N\u00e3o h\u00e1 nada que as mulheres casadas infi\u00e9is de Beja mais queiram do que encontros sem compromisso! Os seus maridos t\u00eam a mente demasiado fechada para conseguirem satisfazer todos os seus desejos e fetiches sexuais\u2026 As casadas gostosas querem encontrar os seus amantes de sonho e para tal \u00e9 preciso\u2026","rel":"","context":"Similar post","img":{"alt_text":"","src":"","width":0,"height":0},"classes":[]},{"id":896,"url":"https:\/\/www.mulheresliberais.com\/blog\/encontros-discretos-na-area-de-castelo-branco\/","url_meta":{"origin":779,"position":1},"title":"Encontros discretos na \u00e1rea de Castelo Branco","date":"","format":false,"excerpt":"A zona de Castelo Branco \u00e9 conhecida pelo calor e pelo fogo, mas neste caso venho-vos falar do fogo que as mulheres bonitas da \u00e1rea sentem e que tem que ser apagado! Mas n\u00e3o \u00e9 por quem quer mas sim por quem elas escolherem para terem encontros discretos. Estas mulheres\u2026","rel":"","context":"With 1 comment","img":{"alt_text":"encontros discretos","src":"https:\/\/i1.wp.com\/www.mulheresliberais.com\/blog\/wp-content\/uploads\/2015\/07\/encontros-discretos.jpg?resize=350%2C200&ssl=1","width":350,"height":200},"classes":[]},{"id":903,"url":"https:\/\/www.mulheresliberais.com\/blog\/mulheres-infieis-querem-amantes-na-zona-de-evora\/","url_meta":{"origin":779,"position":2},"title":"Mulheres infi\u00e9is querem amantes na zona de \u00c9vora","date":"","format":false,"excerpt":"\u00c9vora \u00e9 conhecida pelas suas famosas ruas hist\u00f3ricas e pela sua graciosa hist\u00f3ria, mas n\u00e3o s\u00f3! Este belo para\u00edso na terra \u00e9 tamb\u00e9m conhecido pelas mulheres bonitas e decididas que tem\u2026 N\u00e3o h\u00e1 nada mais sensual do que mulheres infi\u00e9is que sabem bem o que querem e que n\u00e3o t\u00eam\u2026","rel":"","context":"With 1 comment","img":{"alt_text":"mulheres infi\u00e9is","src":"https:\/\/i0.wp.com\/www.mulheresliberais.com\/blog\/wp-content\/uploads\/2015\/07\/mulheres-infieis.jpg?resize=350%2C200&ssl=1","width":350,"height":200},"classes":[]},{"id":1119,"url":"https:\/\/www.mulheresliberais.com\/blog\/para-tem-donas-de-casa-gostosas\/","url_meta":{"origin":779,"position":3},"title":"Par\u00e1 tem donas de casa gostosas","date":"","format":false,"excerpt":"Qual \u00e9 o homem que n\u00e3o adora donas de casa gostosas? Devem ser poucos os que n\u00e3o gostam, com certeza. Se faz parte da maioria, e vive ou vem com frequ\u00eancia ao Par\u00e1, ver\u00e1 que n\u00e3o h\u00e1 falta de donas de casa gostosas por c\u00e1. Em Par\u00e1, h\u00e1 muitas mulheres\u2026","rel":"","context":"With 1 comment","img":{"alt_text":"","src":"","width":0,"height":0},"classes":[]},{"id":775,"url":"https:\/\/www.mulheresliberais.com\/blog\/mulheres-casadas-infieis-na-zona-de-viana-do-castelo\/","url_meta":{"origin":779,"position":4},"title":"Mulheres casadas infi\u00e9is na zona de Viana do Castelo","date":"","format":false,"excerpt":"J\u00e1 alguma vez considerou conhecer mulheres casadas infi\u00e9is na zona de Viana do Castelo? Se j\u00e1 lhe tinha passado pela cabe\u00e7a ter encontros extraconjugais com mulheres casadas ent\u00e3o a melhor forma de as conhecer \u00e9 atrav\u00e9s do Mulheres Liberais. N\u00e3o haver\u00e1 melhor local para conhecer mulheres online e qui\u00e7\u00e1 a\u2026","rel":"","context":"With 1 comment","img":{"alt_text":"mulheres casadas infi\u00e9is","src":"https:\/\/i0.wp.com\/www.mulheresliberais.com\/blog\/wp-content\/uploads\/2015\/07\/mulheres-casadas-infieis.jpg?resize=350%2C200&ssl=1","width":350,"height":200},"classes":[]},{"id":1106,"url":"https:\/\/www.mulheresliberais.com\/blog\/encontros-secretos-com-gatas-no-sergipe\/","url_meta":{"origin":779,"position":5},"title":"Tenha encontros secretos com gatas no Sergipe","date":"","format":false,"excerpt":"Se \u00e9 um homem casado infiel que est\u00e1 realmente farto do seu casamento e da sua mulher, ent\u00e3o o site Mulheres Liberais \u00e9 a melhor coisa que podia ter achado na sua vida\u2026 N\u00e3o h\u00e1 nada melhor do que ter encontros secretos com essas gatas gostosas do Sergipe! As mulheres\u2026","rel":"","context":"With 1 comment","img":{"alt_text":"","src":"","width":0,"height":0},"classes":[]}],"_links":{"self":[{"href":"https:\/\/www.mulheresliberais.com\/blog\/wp-json\/wp\/v2\/pages\/779"}],"collection":[{"href":"https:\/\/www.mulheresliberais.com\/blog\/wp-json\/wp\/v2\/pages"}],"about":[{"href":"https:\/\/www.mulheresliberais.com\/blog\/wp-json\/wp\/v2\/types\/page"}],"author":[{"embeddable":true,"href":"https:\/\/www.mulheresliberais.com\/blog\/wp-json\/wp\/v2\/users\/1"}],"replies":[{"embeddable":true,"href":"https:\/\/www.mulheresliberais.com\/blog\/wp-json\/wp\/v2\/comments?post=779"}],"version-history":[{"count":2,"href":"https:\/\/www.mulheresliberais.com\/blog\/wp-json\/wp\/v2\/pages\/779\/revisions"}],"predecessor-version":[{"id":781,"href":"https:\/\/www.mulheresliberais.com\/blog\/wp-json\/wp\/v2\/pages\/779\/revisions\/781"}],"wp:featuredmedia":[{"embeddable":true,"href":"https:\/\/www.mulheresliberais.com\/blog\/wp-json\/wp\/v2\/media\/768"}],"wp:attachment":[{"href":"https:\/\/www.mulheresliberais.com\/blog\/wp-json\/wp\/v2\/media?parent=779"}],"curies":[{"name":"wp","href":"https:\/\/api.w.org\/{rel}","templated":true}]}}