{"id":775,"date":"2015-07-08T16:19:26","date_gmt":"2015-07-08T16:19:26","guid":{"rendered":"http:\/\/www.mulheresliberais.com\/blog\/?page_id=775"},"modified":"2015-07-13T16:17:32","modified_gmt":"2015-07-13T16:17:32","slug":"mulheres-casadas-infieis-na-zona-de-viana-do-castelo","status":"publish","type":"page","link":"https:\/\/www.mulheresliberais.com\/blog\/mulheres-casadas-infieis-na-zona-de-viana-do-castelo\/","title":{"rendered":"Mulheres casadas infi\u00e9is na zona de Viana do Castelo"},"content":{"rendered":"<p>J\u00e1 alguma vez considerou conhecer mulheres casadas infi\u00e9is na zona de Viana do Castelo? Se j\u00e1 lhe tinha passado pela cabe\u00e7a ter encontros extraconjugais com mulheres casadas ent\u00e3o a melhor forma de as conhecer \u00e9 atrav\u00e9s do <strong>Mulheres Liberais<\/strong>.<\/p>\n<p>N\u00e3o haver\u00e1 melhor local para conhecer mulheres online e qui\u00e7\u00e1 a sua amante de sonho do que este site! As mulheres casadas infi\u00e9is est\u00e3o desejosas de encontrar amantes que lhes d\u00eaem amor e aten\u00e7\u00e3o. Algo que n\u00e3o conseguem ter no seu casamento que h\u00e1 muito est\u00e1 despeda\u00e7ado, ou simplesmente <a href=\"https:\/\/www.mulheresliberais.com\/blog\/encontros-infieis-de-forma-discreta\/\">estas mulheres gostam de ter encontros discretos<\/a>!<\/p>\n<p>Tanto os homens como as mulheres casadas infi\u00e9is de Viana do Castelo querem conhecer novas pessoas para alargar os seus horizontes e acima de tudo, para terem novas experi\u00eancias. Inicialmente poder\u00e3o come\u00e7ar com uma simples conversa online, trocar fotografias mais picantes e claro, n\u00e3o deixem de lado a hip\u00f3tese de terem conversas atrav\u00e9s da webcam, onde tudo poder\u00e1 acontecer!<\/p>\n<p>Gosta de mulheres infi\u00e9is? Conversas online picantes? Novas experi\u00eancias sexuais? Se quer partilhar fetiches sexuais com mulheres casadas que desejam ter encontros picantes ent\u00e3o est\u00e1 no local certo. As mulheres casadas infi\u00e9is de Viena do Castelo est\u00e3o desejosas de encontrar homens infi\u00e9is e prontas para terem encontros escaldantes, mesmo que estes sejam apenas os seus primeiros encontros!<\/p>\n<p>&nbsp;<\/p>\n<h2>Mulheres Casadas Infi\u00e9is de Viana do Castelo<\/h2>\n<p>Muitas das nossas utilizadoras s\u00e3o casadas mas n\u00e3o perdem uma oportunidade para conhecer um novo homem interessante e cheio de amor para dar, veja o caso da Teresa que \u00e9 de Afife e deixou-nos o seu testemunho:<\/p>\n<blockquote><p>Apesar de estar casada h\u00e1 v\u00e1rios anos, h\u00e1 muito que o meu casamento deixou de ter amor. A chama da paix\u00e3o desapareceu mas a minha vontade e desejo continua c\u00e1, desde que conheci o site Mulheres Liberais aprendi que todos os dias entram novos homens e com isso h\u00e1 sempre novos temas de conversa. Os encontros \u00edntimos come\u00e7aram por ser mensais mas neste momento posso confessar que todas as semanas me encontro com pelo menos, dois a tr\u00eas homens diferentes. Sinto-me novamente uma mulher jovem e cheia de amor para dar e prazer para ter. Descobri que ainda sou uma mulher sensual e desejada por outros homens\u2026 O meu casamento n\u00e3o est\u00e1 bem mas ao menos assim n\u00e3o perco a vontade de viver!<\/p><\/blockquote>\n<p>&nbsp;<\/p>\n<h2>Viana do Castelo e as suas mulheres casadas infi\u00e9is<\/h2>\n<p>As utilizadoras s\u00e3o de v\u00e1rios locais como por exemplo, Afife, Ponte de Lima, Carre\u00e7o, Areosa, entre outras aldeias e vilas, basicamente arredores de Viana do Castelo. N\u00e3o haver\u00e1 nada melhor do que passear pelas belas ruas velhas e conhecer todo o esplendor desta bela cidade e ao mesmo tempo trocar algumas mensagens com mulheres casadas carentes e conseguir um encontro discreto.<\/p>\n<p>J\u00e1 pensou que poder\u00e1 visitar um castelo, uma igreja ou qualquer outro monumento hist\u00f3rico e ao mesmo tempo encontrar-se com a sua amante de sonho durante algumas horas ou o tempo que desejar?<\/p>\n<p>Maior parte destas casadas s\u00e3o mulheres carentes\u00a0que n\u00e3o se sentem apreciadas pelos seus maridos que s\u00f3 as v\u00eaem como empregadas de limpeza. Seja o pr\u00edncipe encantado, marque um encontro discreto e leve-as a passear para conhecer esta maravilhosa zona hist\u00f3rica!<\/p>\n","protected":false},"excerpt":{"rendered":"<p>J\u00e1 alguma vez considerou conhecer mulheres casadas infi\u00e9is na zona de Viana do Castelo? Se j\u00e1 lhe tinha passado pela cabe\u00e7a ter encontros extraconjugais com mulheres casadas ent\u00e3o a melhor forma de as conhecer \u00e9 atrav\u00e9s do Mulheres Liberais. N\u00e3o haver\u00e1 melhor local para conhecer mulheres online e qui\u00e7\u00e1 a sua amante de sonho do que este site! As mulheres casadas infi\u00e9is est\u00e3o desejosas de encontrar amantes que lhes d\u00eaem amor e aten\u00e7\u00e3o. Algo que n\u00e3o conseguem ter no seu casamento que h\u00e1 muito est\u00e1 despeda\u00e7ado, ou simplesmente estas mulheres gostam de ter encontros discretos! Tanto os homens como as <\/p>\n","protected":false},"author":1,"featured_media":764,"parent":0,"menu_order":0,"comment_status":"open","ping_status":"open","template":"page-parallax.php","meta":{"spay_email":""},"yoast_head":"<!-- This site is optimized with the Yoast SEO plugin v17.9 - https:\/\/yoast.com\/wordpress\/plugins\/seo\/ -->\n<meta name=\"description\" content=\"Mulheres casadas infi\u00e9is na zona de Viana do Castelo.Conhe\u00e7a mulheres casadas infi\u00e9is que querem ter encontros discretos em Viana do Castelo atrav\u00e9s do site\" \/>\n<meta name=\"robots\" content=\"index, follow, max-snippet:-1, max-image-preview:large, max-video-preview:-1\" \/>\n<link rel=\"canonical\" href=\"https:\/\/www.mulheresliberais.com\/blog\/mulheres-casadas-infieis-na-zona-de-viana-do-castelo\/\" \/>\n<meta property=\"og:locale\" content=\"pt_PT\" \/>\n<meta property=\"og:type\" content=\"article\" \/>\n<meta property=\"og:title\" content=\"Mulheres casadas infi\u00e9is na zona de Viana do Castelo - Mulheres Liberais\" \/>\n<meta property=\"og:description\" content=\"Mulheres casadas infi\u00e9is na zona de Viana do Castelo.Conhe\u00e7a mulheres casadas infi\u00e9is que querem ter encontros discretos em Viana do Castelo atrav\u00e9s do site\" \/>\n<meta property=\"og:url\" content=\"https:\/\/www.mulheresliberais.com\/blog\/mulheres-casadas-infieis-na-zona-de-viana-do-castelo\/\" \/>\n<meta property=\"og:site_name\" content=\"Mulheres Liberais\" \/>\n<meta property=\"article:modified_time\" content=\"2015-07-13T16:17:32+00:00\" \/>\n<meta property=\"og:image\" content=\"https:\/\/www.mulheresliberais.com\/blog\/wp-content\/uploads\/2015\/07\/mulheres-casadas-infieis.jpg\" \/>\n\t<meta property=\"og:image:width\" content=\"750\" \/>\n\t<meta property=\"og:image:height\" content=\"492\" \/>\n\t<meta property=\"og:image:type\" content=\"image\/jpeg\" \/>\n<meta name=\"twitter:label1\" content=\"Tempo estimado de leitura\" \/>\n\t<meta name=\"twitter:data1\" content=\"3 minutos\" \/>\n<script type=\"application\/ld+json\" class=\"yoast-schema-graph\">{\"@context\":\"https:\/\/schema.org\",\"@graph\":[{\"@type\":\"WebSite\",\"@id\":\"http:\/\/www.mulheresliberais.com\/blog\/#website\",\"url\":\"http:\/\/www.mulheresliberais.com\/blog\/\",\"name\":\"Mulheres Liberais\",\"description\":\"Encontros Sem Compromisso\",\"potentialAction\":[{\"@type\":\"SearchAction\",\"target\":{\"@type\":\"EntryPoint\",\"urlTemplate\":\"http:\/\/www.mulheresliberais.com\/blog\/?s={search_term_string}\"},\"query-input\":\"required name=search_term_string\"}],\"inLanguage\":\"pt-PT\"},{\"@type\":\"ImageObject\",\"@id\":\"https:\/\/www.mulheresliberais.com\/blog\/mulheres-casadas-infieis-na-zona-de-viana-do-castelo\/#primaryimage\",\"inLanguage\":\"pt-PT\",\"url\":\"https:\/\/www.mulheresliberais.com\/blog\/wp-content\/uploads\/2015\/07\/mulheres-casadas-infieis.jpg\",\"contentUrl\":\"https:\/\/www.mulheresliberais.com\/blog\/wp-content\/uploads\/2015\/07\/mulheres-casadas-infieis.jpg\",\"width\":750,\"height\":492,\"caption\":\"mulheres casadas infi\\u00e9is\"},{\"@type\":\"WebPage\",\"@id\":\"https:\/\/www.mulheresliberais.com\/blog\/mulheres-casadas-infieis-na-zona-de-viana-do-castelo\/#webpage\",\"url\":\"https:\/\/www.mulheresliberais.com\/blog\/mulheres-casadas-infieis-na-zona-de-viana-do-castelo\/\",\"name\":\"Mulheres casadas infi\\u00e9is na zona de Viana do Castelo - Mulheres Liberais\",\"isPartOf\":{\"@id\":\"http:\/\/www.mulheresliberais.com\/blog\/#website\"},\"primaryImageOfPage\":{\"@id\":\"https:\/\/www.mulheresliberais.com\/blog\/mulheres-casadas-infieis-na-zona-de-viana-do-castelo\/#primaryimage\"},\"datePublished\":\"2015-07-08T16:19:26+00:00\",\"dateModified\":\"2015-07-13T16:17:32+00:00\",\"description\":\"Mulheres casadas infi\\u00e9is na zona de Viana do Castelo.Conhe\\u00e7a mulheres casadas infi\\u00e9is que querem ter encontros discretos em Viana do Castelo atrav\\u00e9s do site\",\"breadcrumb\":{\"@id\":\"https:\/\/www.mulheresliberais.com\/blog\/mulheres-casadas-infieis-na-zona-de-viana-do-castelo\/#breadcrumb\"},\"inLanguage\":\"pt-PT\",\"potentialAction\":[{\"@type\":\"ReadAction\",\"target\":[\"https:\/\/www.mulheresliberais.com\/blog\/mulheres-casadas-infieis-na-zona-de-viana-do-castelo\/\"]}]},{\"@type\":\"BreadcrumbList\",\"@id\":\"https:\/\/www.mulheresliberais.com\/blog\/mulheres-casadas-infieis-na-zona-de-viana-do-castelo\/#breadcrumb\",\"itemListElement\":[{\"@type\":\"ListItem\",\"position\":1,\"name\":\"Home\",\"item\":\"http:\/\/www.mulheresliberais.com\/blog\/\"},{\"@type\":\"ListItem\",\"position\":2,\"name\":\"Mulheres casadas infi\\u00e9is na zona de Viana do Castelo\"}]}]}<\/script>\n<!-- \/ Yoast SEO plugin. -->","yoast_head_json":{"description":"Mulheres casadas infi\u00e9is na zona de Viana do Castelo.Conhe\u00e7a mulheres casadas infi\u00e9is que querem ter encontros discretos em Viana do Castelo atrav\u00e9s do site","robots":{"index":"index","follow":"follow","max-snippet":"max-snippet:-1","max-image-preview":"max-image-preview:large","max-video-preview":"max-video-preview:-1"},"canonical":"https:\/\/www.mulheresliberais.com\/blog\/mulheres-casadas-infieis-na-zona-de-viana-do-castelo\/","og_locale":"pt_PT","og_type":"article","og_title":"Mulheres casadas infi\u00e9is na zona de Viana do Castelo - Mulheres Liberais","og_description":"Mulheres casadas infi\u00e9is na zona de Viana do Castelo.Conhe\u00e7a mulheres casadas infi\u00e9is que querem ter encontros discretos em Viana do Castelo atrav\u00e9s do site","og_url":"https:\/\/www.mulheresliberais.com\/blog\/mulheres-casadas-infieis-na-zona-de-viana-do-castelo\/","og_site_name":"Mulheres Liberais","article_modified_time":"2015-07-13T16:17:32+00:00","og_image":[{"width":750,"height":492,"url":"https:\/\/www.mulheresliberais.com\/blog\/wp-content\/uploads\/2015\/07\/mulheres-casadas-infieis.jpg","type":"image\/jpeg"}],"twitter_misc":{"Tempo estimado de leitura":"3 minutos"},"schema":{"@context":"https:\/\/schema.org","@graph":[{"@type":"WebSite","@id":"http:\/\/www.mulheresliberais.com\/blog\/#website","url":"http:\/\/www.mulheresliberais.com\/blog\/","name":"Mulheres Liberais","description":"Encontros Sem Compromisso","potentialAction":[{"@type":"SearchAction","target":{"@type":"EntryPoint","urlTemplate":"http:\/\/www.mulheresliberais.com\/blog\/?s={search_term_string}"},"query-input":"required name=search_term_string"}],"inLanguage":"pt-PT"},{"@type":"ImageObject","@id":"https:\/\/www.mulheresliberais.com\/blog\/mulheres-casadas-infieis-na-zona-de-viana-do-castelo\/#primaryimage","inLanguage":"pt-PT","url":"https:\/\/www.mulheresliberais.com\/blog\/wp-content\/uploads\/2015\/07\/mulheres-casadas-infieis.jpg","contentUrl":"https:\/\/www.mulheresliberais.com\/blog\/wp-content\/uploads\/2015\/07\/mulheres-casadas-infieis.jpg","width":750,"height":492,"caption":"mulheres casadas infi\u00e9is"},{"@type":"WebPage","@id":"https:\/\/www.mulheresliberais.com\/blog\/mulheres-casadas-infieis-na-zona-de-viana-do-castelo\/#webpage","url":"https:\/\/www.mulheresliberais.com\/blog\/mulheres-casadas-infieis-na-zona-de-viana-do-castelo\/","name":"Mulheres casadas infi\u00e9is na zona de Viana do Castelo - Mulheres Liberais","isPartOf":{"@id":"http:\/\/www.mulheresliberais.com\/blog\/#website"},"primaryImageOfPage":{"@id":"https:\/\/www.mulheresliberais.com\/blog\/mulheres-casadas-infieis-na-zona-de-viana-do-castelo\/#primaryimage"},"datePublished":"2015-07-08T16:19:26+00:00","dateModified":"2015-07-13T16:17:32+00:00","description":"Mulheres casadas infi\u00e9is na zona de Viana do Castelo.Conhe\u00e7a mulheres casadas infi\u00e9is que querem ter encontros discretos em Viana do Castelo atrav\u00e9s do site","breadcrumb":{"@id":"https:\/\/www.mulheresliberais.com\/blog\/mulheres-casadas-infieis-na-zona-de-viana-do-castelo\/#breadcrumb"},"inLanguage":"pt-PT","potentialAction":[{"@type":"ReadAction","target":["https:\/\/www.mulheresliberais.com\/blog\/mulheres-casadas-infieis-na-zona-de-viana-do-castelo\/"]}]},{"@type":"BreadcrumbList","@id":"https:\/\/www.mulheresliberais.com\/blog\/mulheres-casadas-infieis-na-zona-de-viana-do-castelo\/#breadcrumb","itemListElement":[{"@type":"ListItem","position":1,"name":"Home","item":"http:\/\/www.mulheresliberais.com\/blog\/"},{"@type":"ListItem","position":2,"name":"Mulheres casadas infi\u00e9is na zona de Viana do Castelo"}]}]}},"jetpack_sharing_enabled":true,"jetpack_shortlink":"https:\/\/wp.me\/P6gLwv-cv","jetpack-related-posts":[{"id":896,"url":"https:\/\/www.mulheresliberais.com\/blog\/encontros-discretos-na-area-de-castelo-branco\/","url_meta":{"origin":775,"position":0},"title":"Encontros discretos na \u00e1rea de Castelo Branco","date":"","format":false,"excerpt":"A zona de Castelo Branco \u00e9 conhecida pelo calor e pelo fogo, mas neste caso venho-vos falar do fogo que as mulheres bonitas da \u00e1rea sentem e que tem que ser apagado! Mas n\u00e3o \u00e9 por quem quer mas sim por quem elas escolherem para terem encontros discretos. Estas mulheres\u2026","rel":"","context":"With 3 comments","img":{"alt_text":"encontros discretos","src":"https:\/\/i1.wp.com\/www.mulheresliberais.com\/blog\/wp-content\/uploads\/2015\/07\/encontros-discretos.jpg?resize=350%2C200&ssl=1","width":350,"height":200},"classes":[]},{"id":903,"url":"https:\/\/www.mulheresliberais.com\/blog\/mulheres-infieis-querem-amantes-na-zona-de-evora\/","url_meta":{"origin":775,"position":1},"title":"Mulheres infi\u00e9is querem amantes na zona de \u00c9vora","date":"","format":false,"excerpt":"\u00c9vora \u00e9 conhecida pelas suas famosas ruas hist\u00f3ricas e pela sua graciosa hist\u00f3ria, mas n\u00e3o s\u00f3! Este belo para\u00edso na terra \u00e9 tamb\u00e9m conhecido pelas mulheres bonitas e decididas que tem\u2026 N\u00e3o h\u00e1 nada mais sensual do que mulheres infi\u00e9is que sabem bem o que querem e que n\u00e3o t\u00eam\u2026","rel":"","context":"With 3 comments","img":{"alt_text":"mulheres infi\u00e9is","src":"https:\/\/i0.wp.com\/www.mulheresliberais.com\/blog\/wp-content\/uploads\/2015\/07\/mulheres-infieis.jpg?resize=350%2C200&ssl=1","width":350,"height":200},"classes":[]},{"id":770,"url":"https:\/\/www.mulheresliberais.com\/blog\/ligacoes-com-mulheres-na-zona-do-porto\/","url_meta":{"origin":775,"position":2},"title":"Liga\u00e7\u00f5es com mulheres na zona do Porto","date":"","format":false,"excerpt":"A procura de encontros sexuais est\u00e1 cada vez maior mas nem sempre h\u00e1 tempo para ir a bares, restaurantes e discotecas para conhecer novas pessoas. Os encontros e desencontros amorosos s\u00e3o cada vez mais e nem toda a gente se quer apaixonar, ali\u00e1s o que maior parte das pessoas querem\u2026","rel":"","context":"With 3 comments","img":{"alt_text":"mulheres na zona do Porto","src":"https:\/\/i2.wp.com\/www.mulheresliberais.com\/blog\/wp-content\/uploads\/2015\/07\/Porto.jpg?resize=350%2C200&ssl=1","width":350,"height":200},"classes":[]},{"id":772,"url":"https:\/\/www.mulheresliberais.com\/blog\/casadas-infieis-procuram-amante-em-leiria\/","url_meta":{"origin":775,"position":3},"title":"Casadas infi\u00e9is procuram amante em Leiria","date":"","format":false,"excerpt":"Tenho 32 anos, sou uma casada carente e tenho dois filhos. A minha vida sexual deixou de existir quando tive o meu segundo filho. Procuro um homem que seja meu amante em Leiria! Algu\u00e9m que me possa fazer sentir novamente amada e desejada mas sem que seja necess\u00e1rio haver um\u2026","rel":"","context":"With 3 comments","img":{"alt_text":"","src":"","width":0,"height":0},"classes":[]},{"id":749,"url":"https:\/\/www.mulheresliberais.com\/blog\/esposas-infieis-em-lisboa\/","url_meta":{"origin":775,"position":4},"title":"Esposas infi\u00e9is em Lisboa","date":"","format":false,"excerpt":"Muitas esposas infi\u00e9is procuram homens para terem encontros secretos e picantes em Lisboa, a cada dia que passa cada vez mais h\u00e1 mulheres casadas que querem um amante! Por vezes, estas mulheres casadas infi\u00e9is procuram algu\u00e9m que lhes queira dar amor e aten\u00e7\u00e3o pois o seu casamento j\u00e1 n\u00e3o funciona\u2026","rel":"","context":"With 8 comments","img":{"alt_text":"esposas infi\u00e9is","src":"https:\/\/i2.wp.com\/www.mulheresliberais.com\/blog\/wp-content\/uploads\/2015\/07\/esposas-infi\u00e9is.jpg?resize=350%2C200&ssl=1","width":350,"height":200},"classes":[]},{"id":753,"url":"https:\/\/www.mulheresliberais.com\/blog\/mulheres-infieis-na-regiao-de-braga\/","url_meta":{"origin":775,"position":5},"title":"Mulheres Infi\u00e9is na regi\u00e3o de Braga","date":"","format":false,"excerpt":"Apetece-lhe conhecer mulheres infi\u00e9is e loucas de tes\u00e3o na zona de Braga? Se a sua resposta \u00e9 sim, ent\u00e3o procurou no local exacto. Se anda \u00e0 procura de um encontro sexual escaldante ent\u00e3o a comunidade\u00a0mulheres liberais ser\u00e1 o site de elei\u00e7\u00e3o, pois o que n\u00e3o lhe v\u00e3o faltar ser\u00e3o mulheres\u2026","rel":"","context":"With 8 comments","img":{"alt_text":"","src":"","width":0,"height":0},"classes":[]}],"_links":{"self":[{"href":"https:\/\/www.mulheresliberais.com\/blog\/wp-json\/wp\/v2\/pages\/775"}],"collection":[{"href":"https:\/\/www.mulheresliberais.com\/blog\/wp-json\/wp\/v2\/pages"}],"about":[{"href":"https:\/\/www.mulheresliberais.com\/blog\/wp-json\/wp\/v2\/types\/page"}],"author":[{"embeddable":true,"href":"https:\/\/www.mulheresliberais.com\/blog\/wp-json\/wp\/v2\/users\/1"}],"replies":[{"embeddable":true,"href":"https:\/\/www.mulheresliberais.com\/blog\/wp-json\/wp\/v2\/comments?post=775"}],"version-history":[{"count":4,"href":"https:\/\/www.mulheresliberais.com\/blog\/wp-json\/wp\/v2\/pages\/775\/revisions"}],"predecessor-version":[{"id":923,"href":"https:\/\/www.mulheresliberais.com\/blog\/wp-json\/wp\/v2\/pages\/775\/revisions\/923"}],"wp:featuredmedia":[{"embeddable":true,"href":"https:\/\/www.mulheresliberais.com\/blog\/wp-json\/wp\/v2\/media\/764"}],"wp:attachment":[{"href":"https:\/\/www.mulheresliberais.com\/blog\/wp-json\/wp\/v2\/media?parent=775"}],"curies":[{"name":"wp","href":"https:\/\/api.w.org\/{rel}","templated":true}]}}