{"id":1135,"date":"2015-07-29T23:07:42","date_gmt":"2015-07-29T23:07:42","guid":{"rendered":"http:\/\/www.mulheresliberais.com\/blog\/?page_id=1135"},"modified":"2015-07-29T23:10:56","modified_gmt":"2015-07-29T23:10:56","slug":"mulheres-brasileiras-gostosas-do-acre","status":"publish","type":"page","link":"https:\/\/www.mulheresliberais.com\/blog\/mulheres-brasileiras-gostosas-do-acre\/","title":{"rendered":"Mulheres brasileiras gostosas do Acre"},"content":{"rendered":"<p>Voc\u00ea sabia que h\u00e1 maior parte das mulheres brasileiras do Acre est\u00e3o procurando um amante? Essas mulheres querem homens casados infi\u00e9is para terem encontros proibidos pois n\u00e3o se sentem minimamente satisfeitas com o que t\u00eam em casa! O Acre est\u00e1 repleto de mulher que todos os dias querem ter novos encontros com homens casados pois seus maridos n\u00e3o sabem bem o que est\u00e3o fazendo em casa.<\/p>\n<p>Se voc\u00ea quer mulheres brasileiras que satisfa\u00e7\u00e3o todos os seus desejos ent\u00e3o o melhor mesmo \u00e9 espreitar o nosso site Mulheres Liberais, pois ir\u00e1 encontrar todo o tipo de mulher e principalmente uma que te ir\u00e1 satisfazer em todos os aspectos. Pode acreditar que ir\u00e1 finalmente encontrar a amante perfeita, a mulher dos seus sonhos!<\/p>\n<p>E para saber o que as nossas mulheres brasileiras acham do site, temos alguns testemunhos de mulher do Acre e fique sabem como elas buscam seus homens.<\/p>\n<p>&nbsp;<\/p>\n<h2>Testemunhos de mulheres brasileiras do Acre<\/h2>\n<blockquote><p>&nbsp;<\/p>\n<p>Fa\u00e7o parte das mulheres brasileiras que n\u00e3o est\u00e3o satisfeitas com seus maridos. Por isso estou tentando achar um homem que satisfa\u00e7a meus desejos e que tenha muito amor para dar pois eu preciso e muito de recebe! Ainda ando conversando com homens casados apesar de ainda n\u00e3o ter achado o ideal pelo menos sei que irei conseguir algu\u00e9m. Sou uma mulher casada que sabe o que quer e tamb\u00e9m tenho muito amor para dar, \u00e9 s\u00f3 me contactar!<\/p>\n<p style=\"text-align: right;\"><em>Isabella \u2013 Sena Madureira<\/em><\/p>\n<\/blockquote>\n<p>&nbsp;<\/p>\n<blockquote><p>Sou uma mulher muito f\u00e1cil de agradar, n\u00e3o sou cheia dessas coisas estranhas apenas quero amar e ser amada! Quando falei com amigas sobre esse site nunca pensei que fosse dar em alguma coisa\u2026 Me inscrevi um pouco brincando sem saber mesmo o que esperar, mas passado algumas semanas de est\u00e1 falando com muitos caras, tive coragem e marquei meu primeiro encontro casual e posso dizer que n\u00e3o tem problema nenhuma, foi mesmo muito gostoso! N\u00e3o quero nada s\u00e9rio nesse momento mas gostei muito e quero continuar tendo esse tipo de encontros\u2026 Pode ser com homens casados ou homens solteiros, desde que queiram mesmo s\u00f3 ficar!<\/p>\n<p style=\"text-align: right;\"><em>Catarina dos Santos \u2013 Pl\u00e1cido de Castro<\/em><\/p>\n<\/blockquote>\n<p>&nbsp;<\/p>\n<blockquote><p>Vou confessar que estou casada faz 25 anos, apesar de tudo ainda sinto algum amor por meu marido mas claro que j\u00e1 n\u00e3o \u00e9 a mesma coisa. Um dia andava passeando pela internet e encontrei esse site, o Mulheres Liberais e resolvi me inscrever. Meu perfil teve sucesso e acabei trocando mensagens com v\u00e1rios homens casados que sentem o mesmo que eu em rela\u00e7\u00e3o \u00e0s suas mulheres. A falta de ess\u00eancia e de amor \u00e9 avassaladora para qualquer pessoa e por isso, tentamos procurar algo que nos complete.<\/p>\n<p>N\u00e3o perdi tempo e achei v\u00e1rios homens casados que se tornaram meus amantes, cada qual tem a sua fun\u00e7\u00e3o e acredite que s\u00e3o maravilhosos!<\/p>\n<p style=\"text-align: right;\"><em>Marcelle \u2013 Foz do Jord\u00e3o<\/em><\/p>\n<\/blockquote>\n<p>&nbsp;<br \/>\nPara conseguir <a href=\"https:\/\/www.mulheresliberais.com\/blog\/encontros-intimos-e-mulheres\/\">encontros \u00edntimos com mulheres<\/a> brasileiras do Acre voc\u00ea tem que anda sempre bem aprumado e n\u00e3o pode pensar como todo os homens, seja diferente e encantador!<\/p>\n<p>Lembre-se que todos querem algo de um relacionamento e tem que ser sempre bem verdadeiro com suas inten\u00e7\u00f5es, as mulheres brasileiras est\u00e3o procurando homens rom\u00e2nticos e que saibam matar os seus desejos mais escondidos\u2026<\/p>\n","protected":false},"excerpt":{"rendered":"<p>Voc\u00ea sabia que h\u00e1 maior parte das mulheres brasileiras do Acre est\u00e3o procurando um amante? Essas mulheres querem homens casados infi\u00e9is para terem encontros proibidos pois n\u00e3o se sentem minimamente satisfeitas com o que t\u00eam em casa! O Acre est\u00e1 repleto de mulher que todos os dias querem ter novos encontros com homens casados pois seus maridos n\u00e3o sabem bem o que est\u00e3o fazendo em casa. Se voc\u00ea quer mulheres brasileiras que satisfa\u00e7\u00e3o todos os seus desejos ent\u00e3o o melhor mesmo \u00e9 espreitar o nosso site Mulheres Liberais, pois ir\u00e1 encontrar todo o tipo de mulher e principalmente uma que <\/p>\n","protected":false},"author":1,"featured_media":0,"parent":0,"menu_order":0,"comment_status":"open","ping_status":"open","template":"","meta":{"spay_email":""},"yoast_head":"<!-- This site is optimized with the Yoast SEO plugin v17.9 - https:\/\/yoast.com\/wordpress\/plugins\/seo\/ -->\n<meta name=\"description\" content=\"Mulheres brasileiras gostosas do Acre.Se anda procurando mulheres brasileiras ent\u00e3o n\u00e3o vai achar site melhor, essas casadas gostosas te esperam, \u00e9 s\u00f3 amor!\" \/>\n<meta name=\"robots\" content=\"index, follow, max-snippet:-1, max-image-preview:large, max-video-preview:-1\" \/>\n<link rel=\"canonical\" href=\"https:\/\/www.mulheresliberais.com\/blog\/mulheres-brasileiras-gostosas-do-acre\/\" \/>\n<meta property=\"og:locale\" content=\"pt_PT\" \/>\n<meta property=\"og:type\" content=\"article\" \/>\n<meta property=\"og:title\" content=\"Mulheres brasileiras gostosas do Acre - Mulheres Liberais\" \/>\n<meta property=\"og:description\" content=\"Mulheres brasileiras gostosas do Acre.Se anda procurando mulheres brasileiras ent\u00e3o n\u00e3o vai achar site melhor, essas casadas gostosas te esperam, \u00e9 s\u00f3 amor!\" \/>\n<meta property=\"og:url\" content=\"https:\/\/www.mulheresliberais.com\/blog\/mulheres-brasileiras-gostosas-do-acre\/\" \/>\n<meta property=\"og:site_name\" content=\"Mulheres Liberais\" \/>\n<meta property=\"article:modified_time\" content=\"2015-07-29T23:10:56+00:00\" \/>\n<meta name=\"twitter:label1\" content=\"Tempo estimado de leitura\" \/>\n\t<meta name=\"twitter:data1\" content=\"3 minutos\" \/>\n<script type=\"application\/ld+json\" class=\"yoast-schema-graph\">{\"@context\":\"https:\/\/schema.org\",\"@graph\":[{\"@type\":\"WebSite\",\"@id\":\"http:\/\/www.mulheresliberais.com\/blog\/#website\",\"url\":\"http:\/\/www.mulheresliberais.com\/blog\/\",\"name\":\"Mulheres Liberais\",\"description\":\"Encontros Sem Compromisso\",\"potentialAction\":[{\"@type\":\"SearchAction\",\"target\":{\"@type\":\"EntryPoint\",\"urlTemplate\":\"http:\/\/www.mulheresliberais.com\/blog\/?s={search_term_string}\"},\"query-input\":\"required name=search_term_string\"}],\"inLanguage\":\"pt-PT\"},{\"@type\":\"WebPage\",\"@id\":\"https:\/\/www.mulheresliberais.com\/blog\/mulheres-brasileiras-gostosas-do-acre\/#webpage\",\"url\":\"https:\/\/www.mulheresliberais.com\/blog\/mulheres-brasileiras-gostosas-do-acre\/\",\"name\":\"Mulheres brasileiras gostosas do Acre - Mulheres Liberais\",\"isPartOf\":{\"@id\":\"http:\/\/www.mulheresliberais.com\/blog\/#website\"},\"datePublished\":\"2015-07-29T23:07:42+00:00\",\"dateModified\":\"2015-07-29T23:10:56+00:00\",\"description\":\"Mulheres brasileiras gostosas do Acre.Se anda procurando mulheres brasileiras ent\\u00e3o n\\u00e3o vai achar site melhor, essas casadas gostosas te esperam, \\u00e9 s\\u00f3 amor!\",\"breadcrumb\":{\"@id\":\"https:\/\/www.mulheresliberais.com\/blog\/mulheres-brasileiras-gostosas-do-acre\/#breadcrumb\"},\"inLanguage\":\"pt-PT\",\"potentialAction\":[{\"@type\":\"ReadAction\",\"target\":[\"https:\/\/www.mulheresliberais.com\/blog\/mulheres-brasileiras-gostosas-do-acre\/\"]}]},{\"@type\":\"BreadcrumbList\",\"@id\":\"https:\/\/www.mulheresliberais.com\/blog\/mulheres-brasileiras-gostosas-do-acre\/#breadcrumb\",\"itemListElement\":[{\"@type\":\"ListItem\",\"position\":1,\"name\":\"Home\",\"item\":\"http:\/\/www.mulheresliberais.com\/blog\/\"},{\"@type\":\"ListItem\",\"position\":2,\"name\":\"Mulheres brasileiras gostosas do Acre\"}]}]}<\/script>\n<!-- \/ Yoast SEO plugin. -->","yoast_head_json":{"description":"Mulheres brasileiras gostosas do Acre.Se anda procurando mulheres brasileiras ent\u00e3o n\u00e3o vai achar site melhor, essas casadas gostosas te esperam, \u00e9 s\u00f3 amor!","robots":{"index":"index","follow":"follow","max-snippet":"max-snippet:-1","max-image-preview":"max-image-preview:large","max-video-preview":"max-video-preview:-1"},"canonical":"https:\/\/www.mulheresliberais.com\/blog\/mulheres-brasileiras-gostosas-do-acre\/","og_locale":"pt_PT","og_type":"article","og_title":"Mulheres brasileiras gostosas do Acre - Mulheres Liberais","og_description":"Mulheres brasileiras gostosas do Acre.Se anda procurando mulheres brasileiras ent\u00e3o n\u00e3o vai achar site melhor, essas casadas gostosas te esperam, \u00e9 s\u00f3 amor!","og_url":"https:\/\/www.mulheresliberais.com\/blog\/mulheres-brasileiras-gostosas-do-acre\/","og_site_name":"Mulheres Liberais","article_modified_time":"2015-07-29T23:10:56+00:00","twitter_misc":{"Tempo estimado de leitura":"3 minutos"},"schema":{"@context":"https:\/\/schema.org","@graph":[{"@type":"WebSite","@id":"http:\/\/www.mulheresliberais.com\/blog\/#website","url":"http:\/\/www.mulheresliberais.com\/blog\/","name":"Mulheres Liberais","description":"Encontros Sem Compromisso","potentialAction":[{"@type":"SearchAction","target":{"@type":"EntryPoint","urlTemplate":"http:\/\/www.mulheresliberais.com\/blog\/?s={search_term_string}"},"query-input":"required name=search_term_string"}],"inLanguage":"pt-PT"},{"@type":"WebPage","@id":"https:\/\/www.mulheresliberais.com\/blog\/mulheres-brasileiras-gostosas-do-acre\/#webpage","url":"https:\/\/www.mulheresliberais.com\/blog\/mulheres-brasileiras-gostosas-do-acre\/","name":"Mulheres brasileiras gostosas do Acre - Mulheres Liberais","isPartOf":{"@id":"http:\/\/www.mulheresliberais.com\/blog\/#website"},"datePublished":"2015-07-29T23:07:42+00:00","dateModified":"2015-07-29T23:10:56+00:00","description":"Mulheres brasileiras gostosas do Acre.Se anda procurando mulheres brasileiras ent\u00e3o n\u00e3o vai achar site melhor, essas casadas gostosas te esperam, \u00e9 s\u00f3 amor!","breadcrumb":{"@id":"https:\/\/www.mulheresliberais.com\/blog\/mulheres-brasileiras-gostosas-do-acre\/#breadcrumb"},"inLanguage":"pt-PT","potentialAction":[{"@type":"ReadAction","target":["https:\/\/www.mulheresliberais.com\/blog\/mulheres-brasileiras-gostosas-do-acre\/"]}]},{"@type":"BreadcrumbList","@id":"https:\/\/www.mulheresliberais.com\/blog\/mulheres-brasileiras-gostosas-do-acre\/#breadcrumb","itemListElement":[{"@type":"ListItem","position":1,"name":"Home","item":"http:\/\/www.mulheresliberais.com\/blog\/"},{"@type":"ListItem","position":2,"name":"Mulheres brasileiras gostosas do Acre"}]}]}},"jetpack_sharing_enabled":true,"jetpack_shortlink":"https:\/\/wp.me\/P6gLwv-ij","jetpack-related-posts":[{"id":1129,"url":"https:\/\/www.mulheresliberais.com\/blog\/mulheres-brasileiras-liberais-no-amapa\/","url_meta":{"origin":1135,"position":0},"title":"Mulheres brasileiras liberais no Amap\u00e1","date":"","format":false,"excerpt":"Muitas mulheres brasileiras liberais procuram\u00a0encontros secretos no\u00a0Amap\u00e1, sabia? Essas mulheres n\u00e3o querem apenas homens casados estejam tamb\u00e9m dispostos a trair, mas cada vez mais as mulheres infi\u00e9is buscam um amante perfeito. Essa \u00e9 a melhor forma para encontrar amantes e para realizarem seus desejos escaldantes. \u00a0No\u00a0Mulheres Liberais, voc\u00ea encontra milhares\u2026","rel":"","context":"Similar post","img":{"alt_text":"mulheres brasileiras liberais","src":"https:\/\/i1.wp.com\/www.mulheresliberais.com\/blog\/wp-content\/uploads\/2015\/07\/mulheres-casadas-liberais.jpg?resize=350%2C200&ssl=1","width":350,"height":200},"classes":[]},{"id":928,"url":"https:\/\/www.mulheresliberais.com\/blog\/encontros-sem-compromisso-em-beja\/","url_meta":{"origin":1135,"position":1},"title":"Encontros sem compromisso em Beja","date":"","format":false,"excerpt":"N\u00e3o h\u00e1 nada que as mulheres casadas infi\u00e9is de Beja mais queiram do que encontros sem compromisso! Os seus maridos t\u00eam a mente demasiado fechada para conseguirem satisfazer todos os seus desejos e fetiches sexuais\u2026 As casadas gostosas querem encontrar os seus amantes de sonho e para tal \u00e9 preciso\u2026","rel":"","context":"Similar post","img":{"alt_text":"","src":"","width":0,"height":0},"classes":[]},{"id":770,"url":"https:\/\/www.mulheresliberais.com\/blog\/ligacoes-com-mulheres-na-zona-do-porto\/","url_meta":{"origin":1135,"position":2},"title":"Liga\u00e7\u00f5es com mulheres na zona do Porto","date":"","format":false,"excerpt":"A procura de encontros sexuais est\u00e1 cada vez maior mas nem sempre h\u00e1 tempo para ir a bares, restaurantes e discotecas para conhecer novas pessoas. Os encontros e desencontros amorosos s\u00e3o cada vez mais e nem toda a gente se quer apaixonar, ali\u00e1s o que maior parte das pessoas querem\u2026","rel":"","context":"With 1 comment","img":{"alt_text":"mulheres na zona do Porto","src":"https:\/\/i2.wp.com\/www.mulheresliberais.com\/blog\/wp-content\/uploads\/2015\/07\/Porto.jpg?resize=350%2C200&ssl=1","width":350,"height":200},"classes":[]},{"id":912,"url":"https:\/\/www.mulheresliberais.com\/blog\/mulheres-procuram-amantes-na-regiao-de-setubal\/","url_meta":{"origin":1135,"position":3},"title":"Mulheres procuram amantes na regi\u00e3o de Set\u00fabal","date":"","format":false,"excerpt":"Muitas mulheres\u00a0procuram amantes\u00a0para terem\u00a0encontros secretos\u00a0e escaldantes em Set\u00fabal. Todos os dias, cada vez mais h\u00e1 mulheres casadas que desejam e procuram um amante! Muitas vezes, estas\u00a0mulheres casadas infi\u00e9is procuram algu\u00e9m que lhes queira dar aten\u00e7\u00e3o, pois os seus c\u00f4njuges j\u00e1 n\u00e3o lhes d\u00e3o o amor e carinho que precisam.\u00a0Os maridos\u2026","rel":"","context":"With 1 comment","img":{"alt_text":"mulheres procuram amantes","src":"https:\/\/i0.wp.com\/www.mulheresliberais.com\/blog\/wp-content\/uploads\/2015\/07\/mulheres-procuram-amantes.jpg?resize=350%2C200&ssl=1","width":350,"height":200},"classes":[]},{"id":1091,"url":"https:\/\/www.mulheresliberais.com\/blog\/relacionamentos-para-casados-no-rio-grande-do-norte\/","url_meta":{"origin":1135,"position":4},"title":"Arranje relacionamentos para casados no Rio Grande do norte","date":"","format":false,"excerpt":"Arranje relacionamentos para casados no Rio Grande do norte! Se o seu casamento entrou numa fase em que a \u00fanica coisa que fazem \u00e9 mesmo ver televis\u00e3o, ent\u00e3o as coisas entraram mesmo na fase de rotina e nenhum casal gosta disso! O Rio Grande do Norte \u00e9 conhecido pelas belas\u2026","rel":"","context":"With 1 comment","img":{"alt_text":"relacionamentos para casados","src":"https:\/\/i2.wp.com\/www.mulheresliberais.com\/blog\/wp-content\/uploads\/2015\/07\/relacionamentos-para-casados.jpg?resize=350%2C200&ssl=1","width":350,"height":200},"classes":[]},{"id":1108,"url":"https:\/\/www.mulheresliberais.com\/blog\/casadas-para-encontros-em-mato-grosso\/","url_meta":{"origin":1135,"position":5},"title":"Casadas para encontros em Mato Grosso","date":"","format":false,"excerpt":"A vida de casada a deixa insatisfeita?\u00a0Seu marido est\u00e1 sempre trabalhando, deixou de te dar carinho e afeto? Deixo de ter prazer em\u00a0sua rela\u00e7\u00e3o sexual? Se for o caso n\u00e3o desespere, pois n\u00e3o est\u00e1 sozinha. Muitas mulheres se encontram na mesma situa\u00e7\u00e3o e conseguiram encontrar ref\u00fagio nos bra\u00e7os de um\u2026","rel":"","context":"With 1 comment","img":{"alt_text":"","src":"","width":0,"height":0},"classes":[]}],"_links":{"self":[{"href":"https:\/\/www.mulheresliberais.com\/blog\/wp-json\/wp\/v2\/pages\/1135"}],"collection":[{"href":"https:\/\/www.mulheresliberais.com\/blog\/wp-json\/wp\/v2\/pages"}],"about":[{"href":"https:\/\/www.mulheresliberais.com\/blog\/wp-json\/wp\/v2\/types\/page"}],"author":[{"embeddable":true,"href":"https:\/\/www.mulheresliberais.com\/blog\/wp-json\/wp\/v2\/users\/1"}],"replies":[{"embeddable":true,"href":"https:\/\/www.mulheresliberais.com\/blog\/wp-json\/wp\/v2\/comments?post=1135"}],"version-history":[{"count":5,"href":"https:\/\/www.mulheresliberais.com\/blog\/wp-json\/wp\/v2\/pages\/1135\/revisions"}],"predecessor-version":[{"id":1144,"href":"https:\/\/www.mulheresliberais.com\/blog\/wp-json\/wp\/v2\/pages\/1135\/revisions\/1144"}],"wp:attachment":[{"href":"https:\/\/www.mulheresliberais.com\/blog\/wp-json\/wp\/v2\/media?parent=1135"}],"curies":[{"name":"wp","href":"https:\/\/api.w.org\/{rel}","templated":true}]}}