{"id":1121,"date":"2015-08-10T15:32:12","date_gmt":"2015-08-10T15:32:12","guid":{"rendered":"http:\/\/www.mulheresliberais.com\/blog\/?page_id=1121"},"modified":"2015-08-10T15:32:12","modified_gmt":"2015-08-10T15:32:12","slug":"site-de-namoro-gratuito-de-goias","status":"publish","type":"page","link":"https:\/\/www.mulheresliberais.com\/blog\/site-de-namoro-gratuito-de-goias\/","title":{"rendered":"Site de namoro gratuito de Goi\u00e1s"},"content":{"rendered":"<p>Acabou de chegar a Goi\u00e1s e procura pessoas como voc\u00ea, pessoas que procuram experi\u00eancias novas e excitantes que desejam partilhar? O Mulheres Liberais \u00e9 um <em>site<\/em> de namoro gratuito onde voc\u00ea poder\u00e1 conhecer pessoas interessantes e <a href=\"https:\/\/www.mulheresliberais.com\/blog\/marcar-um-encontro-discreto-sem-erros\/\">marcar encontros<\/a>.<\/p>\n<p>Muitas vezes, \u00e9 dif\u00edcil conhecer pessoas novas quando acabou de se mudar para um novo s\u00edtio. Mais dif\u00edcil ainda ser\u00e1 o de encontrar pessoas novas com os mesmos interesses que voc\u00ea. O Mulheres Liberais vai tornar sua vida muito mais f\u00e1cil. Com esse <em>site<\/em> de namoro gratuito, ser\u00e1 poss\u00edvel encontrar algu\u00e9m com que pode <a href=\"https:\/\/www.mulheresliberais.com\/blog\/marcar-um-encontro-discreto-sem-erros\/\">marcar encontros discretos<\/a> ou simplesmente falar. Fica inteiramente ao seu crit\u00e9rio.<\/p>\n<p>N\u00e3o acredita? Seguem o testemunho de tr\u00eas senhoras que recentemente se mudaram para Goi\u00e1s:<\/p>\n<h2><\/h2>\n<h2>Mulheres que utilizam o site de namoro gratuito<\/h2>\n<blockquote><p><em>Ol\u00e1, me chamo Sandra e mudei para Goi\u00e2nia recentemente. O motivo da mudan\u00e7a foi uma oportunidade profissional e decidi arriscar. N\u00e3o conhecia ningu\u00e9m na cidade e, como sou um pouco t\u00edmida, decidi experimentar um site de namoro gratuito. N\u00e3o tinha grande esperan\u00e7a no in\u00edcio, mas como era gratuito pensei \u2018o que tenho a perder?\u2019 Foi o melhor que podia ter feito. Conheci muitos homens simp\u00e1ticos e divertidos, que me fazem sentir confort\u00e1vel e confiante comigo mesma. Recentemente, me encontrei pela primeira vez com um homem que conheci no site e correu maravilhosamente bem. Mal posso esperar pelo segundo encontro!<\/em><\/p>\n<p style=\"text-align: right;\"><em>Sandra \u2013 Goi\u00e2nia<\/em><\/p>\n<\/blockquote>\n<p>&nbsp;<\/p>\n<blockquote><p><em>Oi galera! Me chamo Simone\u00a0e me mudei para Bras\u00edlia h\u00e1 seis meses. Escrevo para agradecer ao melhor site de namoro gratuito do mundo! Quando mudei para Bras\u00edlia, n\u00e3o conhecia ningu\u00e9m. Tive de mudar para c\u00e1 por motivos profissionais. No in\u00edcio, n\u00e3o estava nada contente, pois na minha terra natal, era muito safada e encontrava-me muitas vezes com \u2018amigos\u2019 para ter sexo. Pensei que fosse um pesadelo conseguir encontrar pessoas como as que tinha deixado, mas com o Mulheres Liberais, foi muito mais f\u00e1cil do que pensava. Rapidamente encontrei homens para marcar encontros, e neste momento, n\u00e3o trocaria An\u00e1polis por nada!<\/em><\/p>\n<p style=\"text-align: right;\"><em>Simone &#8211; Bras\u00edlia \u00a0\u00a0\u00a0<\/em><\/p>\n<\/blockquote>\n<p>&nbsp;<\/p>\n<blockquote><p><em>Quero agradecer ao Mulheres Liberais. N\u00e3o \u00e9 nada f\u00e1cil mudar-se para uma nova cidade, sem conhecer ningu\u00e9m, e conhecer pessoas novas e interessantes. Nunca pensei que pudesse usar um site de namoro gratuito para facilitar minha vida. Para uma pessoa como eu, que trabalha todo o dia, que n\u00e3o tem tempo para ir para bares ou caf\u00e9s para conhecer pessoas, o Mulheres Liberais tornou este processo muito mais r\u00e1pido e eficaz! Nunca pensei que fosse t\u00e3o f\u00e1cil e divertido encontrar pessoas interessantes atrav\u00e9s de um site de namoro! Estou ansiosa de conhecer o meu pr\u00f3ximo amigo!<\/em><\/p>\n<p style=\"text-align: right;\"><em>Ana \u2013 Porangatu<\/em><\/p>\n<\/blockquote>\n<p>&nbsp;<\/p>\n<p>Precisa de ajuda como essas senhoras? Deixe o Mulheres Liberais tratar disso. Como pode ver, n\u00e3o \u00e9 nada dif\u00edcil encontrar as pessoas que procura na sua nova cidade. Com um simples clique, pode conectar-se com muitas pessoas como voc\u00ea; pessoas que procuram companhia numa cidade nova ou, quem sabe, algo mais.<\/p>\n<p>N\u00e3o espere mais, registe-se no nosso site de namoro gratuito e encontre finalmente aquela ou aquele que procura. H\u00e1 algu\u00e9m por a\u00ed ansioso de o conhecer. Vai faz\u00ea-lo esperar muito mais?<\/p>\n","protected":false},"excerpt":{"rendered":"<p>Acabou de chegar a Goi\u00e1s e procura pessoas como voc\u00ea, pessoas que procuram experi\u00eancias novas e excitantes que desejam partilhar? O Mulheres Liberais \u00e9 um site de namoro gratuito onde voc\u00ea poder\u00e1 conhecer pessoas interessantes e marcar encontros. Muitas vezes, \u00e9 dif\u00edcil conhecer pessoas novas quando acabou de se mudar para um novo s\u00edtio. Mais dif\u00edcil ainda ser\u00e1 o de encontrar pessoas novas com os mesmos interesses que voc\u00ea. O Mulheres Liberais vai tornar sua vida muito mais f\u00e1cil. Com esse site de namoro gratuito, ser\u00e1 poss\u00edvel encontrar algu\u00e9m com que pode marcar encontros discretos ou simplesmente falar. Fica inteiramente <\/p>\n","protected":false},"author":1,"featured_media":0,"parent":0,"menu_order":0,"comment_status":"open","ping_status":"open","template":"","meta":{"spay_email":""},"yoast_head":"<!-- This site is optimized with the Yoast SEO plugin v17.9 - https:\/\/yoast.com\/wordpress\/plugins\/seo\/ -->\n<meta name=\"description\" content=\"Site de namoro gratuito de Goi\u00e1s.N\u00e3o melhor site de namoro gratuito para mulheres e homens casados infi\u00e9is do que o Mulheres Liberais, tenha o seu encontro!\" \/>\n<meta name=\"robots\" content=\"index, follow, max-snippet:-1, max-image-preview:large, max-video-preview:-1\" \/>\n<link rel=\"canonical\" href=\"https:\/\/www.mulheresliberais.com\/blog\/site-de-namoro-gratuito-de-goias\/\" \/>\n<meta property=\"og:locale\" content=\"pt_PT\" \/>\n<meta property=\"og:type\" content=\"article\" \/>\n<meta property=\"og:title\" content=\"Site de namoro gratuito de Goi\u00e1s - Mulheres Liberais\" \/>\n<meta property=\"og:description\" content=\"Site de namoro gratuito de Goi\u00e1s.N\u00e3o melhor site de namoro gratuito para mulheres e homens casados infi\u00e9is do que o Mulheres Liberais, tenha o seu encontro!\" \/>\n<meta property=\"og:url\" content=\"https:\/\/www.mulheresliberais.com\/blog\/site-de-namoro-gratuito-de-goias\/\" \/>\n<meta property=\"og:site_name\" content=\"Mulheres Liberais\" \/>\n<meta name=\"twitter:label1\" content=\"Tempo estimado de leitura\" \/>\n\t<meta name=\"twitter:data1\" content=\"3 minutos\" \/>\n<script type=\"application\/ld+json\" class=\"yoast-schema-graph\">{\"@context\":\"https:\/\/schema.org\",\"@graph\":[{\"@type\":\"WebSite\",\"@id\":\"http:\/\/www.mulheresliberais.com\/blog\/#website\",\"url\":\"http:\/\/www.mulheresliberais.com\/blog\/\",\"name\":\"Mulheres Liberais\",\"description\":\"Encontros Sem Compromisso\",\"potentialAction\":[{\"@type\":\"SearchAction\",\"target\":{\"@type\":\"EntryPoint\",\"urlTemplate\":\"http:\/\/www.mulheresliberais.com\/blog\/?s={search_term_string}\"},\"query-input\":\"required name=search_term_string\"}],\"inLanguage\":\"pt-PT\"},{\"@type\":\"WebPage\",\"@id\":\"https:\/\/www.mulheresliberais.com\/blog\/site-de-namoro-gratuito-de-goias\/#webpage\",\"url\":\"https:\/\/www.mulheresliberais.com\/blog\/site-de-namoro-gratuito-de-goias\/\",\"name\":\"Site de namoro gratuito de Goi\\u00e1s - Mulheres Liberais\",\"isPartOf\":{\"@id\":\"http:\/\/www.mulheresliberais.com\/blog\/#website\"},\"datePublished\":\"2015-08-10T15:32:12+00:00\",\"dateModified\":\"2015-08-10T15:32:12+00:00\",\"description\":\"Site de namoro gratuito de Goi\\u00e1s.N\\u00e3o melhor site de namoro gratuito para mulheres e homens casados infi\\u00e9is do que o Mulheres Liberais, tenha o seu encontro!\",\"breadcrumb\":{\"@id\":\"https:\/\/www.mulheresliberais.com\/blog\/site-de-namoro-gratuito-de-goias\/#breadcrumb\"},\"inLanguage\":\"pt-PT\",\"potentialAction\":[{\"@type\":\"ReadAction\",\"target\":[\"https:\/\/www.mulheresliberais.com\/blog\/site-de-namoro-gratuito-de-goias\/\"]}]},{\"@type\":\"BreadcrumbList\",\"@id\":\"https:\/\/www.mulheresliberais.com\/blog\/site-de-namoro-gratuito-de-goias\/#breadcrumb\",\"itemListElement\":[{\"@type\":\"ListItem\",\"position\":1,\"name\":\"Home\",\"item\":\"http:\/\/www.mulheresliberais.com\/blog\/\"},{\"@type\":\"ListItem\",\"position\":2,\"name\":\"Site de namoro gratuito de Goi\\u00e1s\"}]}]}<\/script>\n<!-- \/ Yoast SEO plugin. -->","yoast_head_json":{"description":"Site de namoro gratuito de Goi\u00e1s.N\u00e3o melhor site de namoro gratuito para mulheres e homens casados infi\u00e9is do que o Mulheres Liberais, tenha o seu encontro!","robots":{"index":"index","follow":"follow","max-snippet":"max-snippet:-1","max-image-preview":"max-image-preview:large","max-video-preview":"max-video-preview:-1"},"canonical":"https:\/\/www.mulheresliberais.com\/blog\/site-de-namoro-gratuito-de-goias\/","og_locale":"pt_PT","og_type":"article","og_title":"Site de namoro gratuito de Goi\u00e1s - Mulheres Liberais","og_description":"Site de namoro gratuito de Goi\u00e1s.N\u00e3o melhor site de namoro gratuito para mulheres e homens casados infi\u00e9is do que o Mulheres Liberais, tenha o seu encontro!","og_url":"https:\/\/www.mulheresliberais.com\/blog\/site-de-namoro-gratuito-de-goias\/","og_site_name":"Mulheres Liberais","twitter_misc":{"Tempo estimado de leitura":"3 minutos"},"schema":{"@context":"https:\/\/schema.org","@graph":[{"@type":"WebSite","@id":"http:\/\/www.mulheresliberais.com\/blog\/#website","url":"http:\/\/www.mulheresliberais.com\/blog\/","name":"Mulheres Liberais","description":"Encontros Sem Compromisso","potentialAction":[{"@type":"SearchAction","target":{"@type":"EntryPoint","urlTemplate":"http:\/\/www.mulheresliberais.com\/blog\/?s={search_term_string}"},"query-input":"required name=search_term_string"}],"inLanguage":"pt-PT"},{"@type":"WebPage","@id":"https:\/\/www.mulheresliberais.com\/blog\/site-de-namoro-gratuito-de-goias\/#webpage","url":"https:\/\/www.mulheresliberais.com\/blog\/site-de-namoro-gratuito-de-goias\/","name":"Site de namoro gratuito de Goi\u00e1s - Mulheres Liberais","isPartOf":{"@id":"http:\/\/www.mulheresliberais.com\/blog\/#website"},"datePublished":"2015-08-10T15:32:12+00:00","dateModified":"2015-08-10T15:32:12+00:00","description":"Site de namoro gratuito de Goi\u00e1s.N\u00e3o melhor site de namoro gratuito para mulheres e homens casados infi\u00e9is do que o Mulheres Liberais, tenha o seu encontro!","breadcrumb":{"@id":"https:\/\/www.mulheresliberais.com\/blog\/site-de-namoro-gratuito-de-goias\/#breadcrumb"},"inLanguage":"pt-PT","potentialAction":[{"@type":"ReadAction","target":["https:\/\/www.mulheresliberais.com\/blog\/site-de-namoro-gratuito-de-goias\/"]}]},{"@type":"BreadcrumbList","@id":"https:\/\/www.mulheresliberais.com\/blog\/site-de-namoro-gratuito-de-goias\/#breadcrumb","itemListElement":[{"@type":"ListItem","position":1,"name":"Home","item":"http:\/\/www.mulheresliberais.com\/blog\/"},{"@type":"ListItem","position":2,"name":"Site de namoro gratuito de Goi\u00e1s"}]}]}},"jetpack_sharing_enabled":true,"jetpack_shortlink":"https:\/\/wp.me\/P6gLwv-i5","jetpack-related-posts":[{"id":1085,"url":"https:\/\/www.mulheresliberais.com\/blog\/mulheres-com-namoro-on-line-na-rondonia\/","url_meta":{"origin":1121,"position":0},"title":"Mulheres com namoro on line na Rond\u00f4nia","date":"","format":false,"excerpt":"A Rond\u00f4nia \u00e9 caracterizada pelas suas belas mulheres casadas infi\u00e9is! Mas aposto que n\u00e3o sabe o seu segredo mais bem escondido, pois n\u00e3o? Pois \u00e9, essas gatas andam sempre procurando homens para conseguirem namoro on line. Elas est\u00e3o fartas de procurar algo que acham em lado nenhum, n\u00e3o importa se\u2026","rel":"","context":"Similar post","img":{"alt_text":"","src":"","width":0,"height":0},"classes":[]},{"id":1123,"url":"https:\/\/www.mulheresliberais.com\/blog\/site-de-namoro-no-espirito-santo\/","url_meta":{"origin":1121,"position":1},"title":"Site de namoro no Esp\u00edrito Santo","date":"","format":false,"excerpt":"Se vive em Esp\u00edrito Santo e n\u00e3o consegue encontrar uma pessoa para ter sexo quente sem compromisso, veio ter ao site de namoro certo. No Mulheres Liberais vai conseguir encontrar todo o tipo de mulheres de Esp\u00edrito Santo que quiser, e as mulheres v\u00e3o conseguir encontrar os homens que quiserem!\u2026","rel":"","context":"Similar post","img":{"alt_text":"","src":"","width":0,"height":0},"classes":[]},{"id":1101,"url":"https:\/\/www.mulheresliberais.com\/blog\/pernambuco-e-os-seus-encontros-online-gratuitos\/","url_meta":{"origin":1121,"position":2},"title":"Pernambuco e os seus encontros online gratuitos","date":"","format":false,"excerpt":"Ser\u00e1 que h\u00e1 muita gente de Pernambuco buscando encontros online gratuitos? A resposta \u00e9 sim, e n\u00e3o s\u00e3o poucos. \u00c9 cada vez mais trabalhoso, inc\u00f4modo, e dispendioso conhecer pessoas novas e marcar encontros. A solu\u00e7\u00e3o que as pessoas encontram \u00e9 de facto os encontros online gratuitos. Porqu\u00ea? \u00c9 f\u00e1cil encontrar\u2026","rel":"","context":"With 1 comment","img":{"alt_text":"","src":"","width":0,"height":0},"classes":[]},{"id":1117,"url":"https:\/\/www.mulheresliberais.com\/blog\/encontros-sexuais-em-mato-grosso-do-sul\/","url_meta":{"origin":1121,"position":3},"title":"Encontros sexuais em Mato Grosso do Sul","date":"","format":false,"excerpt":"Nos sites de encontros, podemos encontrar todo o tipo de pessoa, com os mais variados gostos. Algumas pessoas procuram a sua alma g\u00e9mea, outras procuram pessoas com os mesmos fetiches e fantasias, e outras apenas procuram apenas indiv\u00edduos, ou grupos, para terem encontros sexuais casuais. No Mulheres Liberais, pode encontrar\u2026","rel":"","context":"With 1 comment","img":{"alt_text":"","src":"","width":0,"height":0},"classes":[]},{"id":1099,"url":"https:\/\/www.mulheresliberais.com\/blog\/encontros-online-no-piaui\/","url_meta":{"origin":1121,"position":4},"title":"Encontros online no Piau\u00ed","date":"","format":false,"excerpt":"Aposto que h\u00e1 muitos homens que n\u00e3o sabem que existem imensas mulheres gostosas no Piau\u00ed ansiosas de ter encontros online. Mas a verdade \u00e9 que existem mesmo, e cada vez mais. As raz\u00f5es delas s\u00e3o variadas, mas a realidade \u00e9 que cada vez mais se verifica que \u00e9 mais prov\u00e1vel\u2026","rel":"","context":"Similar post","img":{"alt_text":"","src":"","width":0,"height":0},"classes":[]},{"id":1087,"url":"https:\/\/www.mulheresliberais.com\/blog\/mulheres-procurando-homens-no-parana\/","url_meta":{"origin":1121,"position":5},"title":"Mulheres procurando homens no Paran\u00e1","date":"","format":false,"excerpt":"Certamente, a hist\u00f3ria no Paran\u00e1 n\u00e3o \u00e9 diferente de qualquer outra regi\u00e3o, houve sempre homens procurando mulheres e mulheres procurando homens. Antigamente era feito em eventos sociais, em caf\u00e9s, bares, e discotecas, e os problemas foram sempre os mesmos: Escolha limitada as pessoas que est\u00e3o presentes naquele local, naquela altura;\u2026","rel":"","context":"With 2 comments","img":{"alt_text":"","src":"","width":0,"height":0},"classes":[]}],"_links":{"self":[{"href":"https:\/\/www.mulheresliberais.com\/blog\/wp-json\/wp\/v2\/pages\/1121"}],"collection":[{"href":"https:\/\/www.mulheresliberais.com\/blog\/wp-json\/wp\/v2\/pages"}],"about":[{"href":"https:\/\/www.mulheresliberais.com\/blog\/wp-json\/wp\/v2\/types\/page"}],"author":[{"embeddable":true,"href":"https:\/\/www.mulheresliberais.com\/blog\/wp-json\/wp\/v2\/users\/1"}],"replies":[{"embeddable":true,"href":"https:\/\/www.mulheresliberais.com\/blog\/wp-json\/wp\/v2\/comments?post=1121"}],"version-history":[{"count":2,"href":"https:\/\/www.mulheresliberais.com\/blog\/wp-json\/wp\/v2\/pages\/1121\/revisions"}],"predecessor-version":[{"id":1157,"href":"https:\/\/www.mulheresliberais.com\/blog\/wp-json\/wp\/v2\/pages\/1121\/revisions\/1157"}],"wp:attachment":[{"href":"https:\/\/www.mulheresliberais.com\/blog\/wp-json\/wp\/v2\/media?parent=1121"}],"curies":[{"name":"wp","href":"https:\/\/api.w.org\/{rel}","templated":true}]}}