{"id":1112,"date":"2015-08-10T17:49:59","date_gmt":"2015-08-10T17:49:59","guid":{"rendered":"http:\/\/www.mulheresliberais.com\/blog\/?page_id=1112"},"modified":"2015-08-10T17:49:59","modified_gmt":"2015-08-10T17:49:59","slug":"mulheres-procuram-homens-no-paraiba","status":"publish","type":"page","link":"https:\/\/www.mulheresliberais.com\/blog\/mulheres-procuram-homens-no-paraiba\/","title":{"rendered":"Mulheres procuram homens no Para\u00edba"},"content":{"rendered":"<p>Ah o Nordeste, lar de algumas das praias e mulheres mais lindas\u00a0do Brasil. Isto \u00e9 particularmente verdade no Para\u00edba, onde milhares de mulheres procuram homens interessantes, s\u00e9rios, charmosos, e carinhosos para <a href=\"https:\/\/www.mulheresliberais.com\/blog\/experimentar-encontros-online\/\">conhecerem <em>online<\/em><\/a> e pessoalmente.<\/p>\n<h2><\/h2>\n<h2>As mulheres procuram homens que:<\/h2>\n<ul>\n<li>Sejam carinhosos;<\/li>\n<li>Sejam divertidos;<\/li>\n<li>Consigam proporcionar um bom momento;<\/li>\n<li>Sejam atenciosos;<\/li>\n<li>Tenham bom sentido de humor.<\/li>\n<\/ul>\n<p>&nbsp;<\/p>\n<p>Se vem passar f\u00e9rias \u00e0 Para\u00edba, certamente vai querer conhecer as mais belas mulheres locais. Porque n\u00e3o come\u00e7ar a faz\u00ea-lo antes de sair de casa? Se registre no Mulheres Liberais e comece j\u00e1 a conhecer as mulheres gostosas de Jo\u00e3o Pessoa, Santa Rita, Campina Grande, e mais, muito mais.<\/p>\n<p>O tempo vai estar bem quente, e as mulheres mais ainda. Estas mulheres procuram homens como voc\u00ea para aumentar o calor ainda mais. Veja s\u00f3 como elas anseiam para o conhecer:<\/p>\n<blockquote>\n<p style=\"text-align: left;\"><em>\u201cAdoro conhecer homens que v\u00eam de f\u00e9rias a Jo\u00e3o Pessoa. Sei logo que eles v\u00eam para se divertir, o que \u00e9 \u00f3timo pois tamb\u00e9m \u00e9 o que eu procuro. Todas gostamos de um pouco de divers\u00e3o n\u00e3o \u00e9? Gosto de conhec\u00ea-los um pouco antes de virem para c\u00e1, porque assim n\u00e3o tenho de perder muito tempo, e posso ter logo ideia se gosto deles ou n\u00e3o. A partir da\u00ed passa logo para a divers\u00e3o. Mulheres Liberais \u00e9, de facto, uma enorme ajuda para encontrar homens \u2018interessantes\u2019 e facilita imenso a minha vida.\u201d<\/em><\/p>\n<p style=\"text-align: right;\"><em>Tina \u2013 Jo\u00e3o Pessoa<\/em><\/p>\n<\/blockquote>\n<p>H\u00e1 imensas garotas como a Tina em Para\u00edba, e essas mulheres procuram a mesma divers\u00e3o, o mesmo calor!<\/p>\n<p>O que pode esperar ao usar o Mulheres Liberais:<\/p>\n<ul>\n<li>Conhecer mulheres como a Tina;<\/li>\n<li>Divertir-se durante as f\u00e9rias;<\/li>\n<li>Poupar tempo precioso e ter <a href=\"https:\/\/www.mulheresliberais.com\/blog\/marcar-um-encontro-discreto-sem-erros\/\">encontros discretos<\/a>;<\/li>\n<li>Ter mulheres \u00e0 sua espera quando chega a Para\u00edba;<\/li>\n<\/ul>\n<p>Pensa que o Mulheres Liberais \u00e9 apenas uma ferramenta para os homens? De todo! Tamb\u00e9m \u00e9 uma ferramenta muito \u00fatil para as mulheres encontrarem o homem que procuram. Todas as mulheres procuram homens que lhes possam dar aquilo que desejam, seja tempo, carinho, amor, ou simplesmente prazer.<\/p>\n<p>&nbsp;<\/p>\n<p>O Mulheres Liberais \u00e9 a plataforma perfeita para o fazer. Leia s\u00f3 o testemunho do Lu\u00eds, um utilizador que consegue aproveitar ao m\u00e1ximo a ferramenta que \u00e9 o Mulheres Liberais ao m\u00e1ximo:<\/p>\n<blockquote><p><em>Comecei a usar o Mulheres Liberais h\u00e1 algumas semanas, e n\u00e3o podia estar mais satisfeito. Eu gosto de conhecer uma mulher, lev\u00e1-la a jantar e depois a dan\u00e7ar, proporcionar-lhes um bom momento. Gosto de me divertir com elas. Pode at\u00e9 nem ter um cariz sexual, gosto de dar aten\u00e7\u00e3o \u00e0s mulheres, porque elas merecem. S\u00e3o as criaturas mais belas do planeta, e algumas mulheres procuram apenas isso, algu\u00e9m que lhes d\u00ea aten\u00e7\u00e3o, fazer com que se sintam importantes e que fazem falta. Adoro mulheres, e adoro dar-lhes uma experiencia memor\u00e1vel. Gosto de estar com mulheres que v\u00eam de f\u00e9rias e gosto de estar com mulheres de Santa Rita, desde que procurem um pouco de divers\u00e3o e passar um bom momento.<\/em><\/p>\n<p style=\"text-align: right;\"><em>Lu\u00eds \u2013\u00a0Santa rita<\/em><\/p>\n<\/blockquote>\n<p>&nbsp;<\/p>\n<div class=\"message_box success\"><p>Conhe\u00e7a mulheres como a Tina e homens como o Lu\u00eds. Eles esperam ansiosamente para conhecer voc\u00ea. Vai faz\u00ea-los esperar?<\/p><\/div>\n","protected":false},"excerpt":{"rendered":"<p>Ah o Nordeste, lar de algumas das praias e mulheres mais lindas\u00a0do Brasil. Isto \u00e9 particularmente verdade no Para\u00edba, onde milhares de mulheres procuram homens interessantes, s\u00e9rios, charmosos, e carinhosos para conhecerem online e pessoalmente. As mulheres procuram homens que: Sejam carinhosos; Sejam divertidos; Consigam proporcionar um bom momento; Sejam atenciosos; Tenham bom sentido de humor. &nbsp; Se vem passar f\u00e9rias \u00e0 Para\u00edba, certamente vai querer conhecer as mais belas mulheres locais. Porque n\u00e3o come\u00e7ar a faz\u00ea-lo antes de sair de casa? Se registre no Mulheres Liberais e comece j\u00e1 a conhecer as mulheres gostosas de Jo\u00e3o Pessoa, Santa Rita, <\/p>\n","protected":false},"author":1,"featured_media":0,"parent":0,"menu_order":0,"comment_status":"open","ping_status":"open","template":"","meta":{"spay_email":""},"yoast_head":"<!-- This site is optimized with the Yoast SEO plugin v17.9 - https:\/\/yoast.com\/wordpress\/plugins\/seo\/ -->\n<meta name=\"description\" content=\"Mulheres procuram homens no Para\u00edba.Nessas praias lindas do Nordeste brasileiro, o que n\u00e3o faltam s\u00e3o essas mulheres que procuram homens para serem amantes!\" \/>\n<meta name=\"robots\" content=\"index, follow, max-snippet:-1, max-image-preview:large, max-video-preview:-1\" \/>\n<link rel=\"canonical\" href=\"https:\/\/www.mulheresliberais.com\/blog\/mulheres-procuram-homens-no-paraiba\/\" \/>\n<meta property=\"og:locale\" content=\"pt_PT\" \/>\n<meta property=\"og:type\" content=\"article\" \/>\n<meta property=\"og:title\" content=\"Mulheres procuram homens no Para\u00edba - Mulheres Liberais\" \/>\n<meta property=\"og:description\" content=\"Mulheres procuram homens no Para\u00edba.Nessas praias lindas do Nordeste brasileiro, o que n\u00e3o faltam s\u00e3o essas mulheres que procuram homens para serem amantes!\" \/>\n<meta property=\"og:url\" content=\"https:\/\/www.mulheresliberais.com\/blog\/mulheres-procuram-homens-no-paraiba\/\" \/>\n<meta property=\"og:site_name\" content=\"Mulheres Liberais\" \/>\n<meta name=\"twitter:label1\" content=\"Tempo estimado de leitura\" \/>\n\t<meta name=\"twitter:data1\" content=\"3 minutos\" \/>\n<script type=\"application\/ld+json\" class=\"yoast-schema-graph\">{\"@context\":\"https:\/\/schema.org\",\"@graph\":[{\"@type\":\"WebSite\",\"@id\":\"http:\/\/www.mulheresliberais.com\/blog\/#website\",\"url\":\"http:\/\/www.mulheresliberais.com\/blog\/\",\"name\":\"Mulheres Liberais\",\"description\":\"Encontros Sem Compromisso\",\"potentialAction\":[{\"@type\":\"SearchAction\",\"target\":{\"@type\":\"EntryPoint\",\"urlTemplate\":\"http:\/\/www.mulheresliberais.com\/blog\/?s={search_term_string}\"},\"query-input\":\"required name=search_term_string\"}],\"inLanguage\":\"pt-PT\"},{\"@type\":\"WebPage\",\"@id\":\"https:\/\/www.mulheresliberais.com\/blog\/mulheres-procuram-homens-no-paraiba\/#webpage\",\"url\":\"https:\/\/www.mulheresliberais.com\/blog\/mulheres-procuram-homens-no-paraiba\/\",\"name\":\"Mulheres procuram homens no Para\\u00edba - Mulheres Liberais\",\"isPartOf\":{\"@id\":\"http:\/\/www.mulheresliberais.com\/blog\/#website\"},\"datePublished\":\"2015-08-10T17:49:59+00:00\",\"dateModified\":\"2015-08-10T17:49:59+00:00\",\"description\":\"Mulheres procuram homens no Para\\u00edba.Nessas praias lindas do Nordeste brasileiro, o que n\\u00e3o faltam s\\u00e3o essas mulheres que procuram homens para serem amantes!\",\"breadcrumb\":{\"@id\":\"https:\/\/www.mulheresliberais.com\/blog\/mulheres-procuram-homens-no-paraiba\/#breadcrumb\"},\"inLanguage\":\"pt-PT\",\"potentialAction\":[{\"@type\":\"ReadAction\",\"target\":[\"https:\/\/www.mulheresliberais.com\/blog\/mulheres-procuram-homens-no-paraiba\/\"]}]},{\"@type\":\"BreadcrumbList\",\"@id\":\"https:\/\/www.mulheresliberais.com\/blog\/mulheres-procuram-homens-no-paraiba\/#breadcrumb\",\"itemListElement\":[{\"@type\":\"ListItem\",\"position\":1,\"name\":\"Home\",\"item\":\"http:\/\/www.mulheresliberais.com\/blog\/\"},{\"@type\":\"ListItem\",\"position\":2,\"name\":\"Mulheres procuram homens no Para\\u00edba\"}]}]}<\/script>\n<!-- \/ Yoast SEO plugin. -->","yoast_head_json":{"description":"Mulheres procuram homens no Para\u00edba.Nessas praias lindas do Nordeste brasileiro, o que n\u00e3o faltam s\u00e3o essas mulheres que procuram homens para serem amantes!","robots":{"index":"index","follow":"follow","max-snippet":"max-snippet:-1","max-image-preview":"max-image-preview:large","max-video-preview":"max-video-preview:-1"},"canonical":"https:\/\/www.mulheresliberais.com\/blog\/mulheres-procuram-homens-no-paraiba\/","og_locale":"pt_PT","og_type":"article","og_title":"Mulheres procuram homens no Para\u00edba - Mulheres Liberais","og_description":"Mulheres procuram homens no Para\u00edba.Nessas praias lindas do Nordeste brasileiro, o que n\u00e3o faltam s\u00e3o essas mulheres que procuram homens para serem amantes!","og_url":"https:\/\/www.mulheresliberais.com\/blog\/mulheres-procuram-homens-no-paraiba\/","og_site_name":"Mulheres Liberais","twitter_misc":{"Tempo estimado de leitura":"3 minutos"},"schema":{"@context":"https:\/\/schema.org","@graph":[{"@type":"WebSite","@id":"http:\/\/www.mulheresliberais.com\/blog\/#website","url":"http:\/\/www.mulheresliberais.com\/blog\/","name":"Mulheres Liberais","description":"Encontros Sem Compromisso","potentialAction":[{"@type":"SearchAction","target":{"@type":"EntryPoint","urlTemplate":"http:\/\/www.mulheresliberais.com\/blog\/?s={search_term_string}"},"query-input":"required name=search_term_string"}],"inLanguage":"pt-PT"},{"@type":"WebPage","@id":"https:\/\/www.mulheresliberais.com\/blog\/mulheres-procuram-homens-no-paraiba\/#webpage","url":"https:\/\/www.mulheresliberais.com\/blog\/mulheres-procuram-homens-no-paraiba\/","name":"Mulheres procuram homens no Para\u00edba - Mulheres Liberais","isPartOf":{"@id":"http:\/\/www.mulheresliberais.com\/blog\/#website"},"datePublished":"2015-08-10T17:49:59+00:00","dateModified":"2015-08-10T17:49:59+00:00","description":"Mulheres procuram homens no Para\u00edba.Nessas praias lindas do Nordeste brasileiro, o que n\u00e3o faltam s\u00e3o essas mulheres que procuram homens para serem amantes!","breadcrumb":{"@id":"https:\/\/www.mulheresliberais.com\/blog\/mulheres-procuram-homens-no-paraiba\/#breadcrumb"},"inLanguage":"pt-PT","potentialAction":[{"@type":"ReadAction","target":["https:\/\/www.mulheresliberais.com\/blog\/mulheres-procuram-homens-no-paraiba\/"]}]},{"@type":"BreadcrumbList","@id":"https:\/\/www.mulheresliberais.com\/blog\/mulheres-procuram-homens-no-paraiba\/#breadcrumb","itemListElement":[{"@type":"ListItem","position":1,"name":"Home","item":"http:\/\/www.mulheresliberais.com\/blog\/"},{"@type":"ListItem","position":2,"name":"Mulheres procuram homens no Para\u00edba"}]}]}},"jetpack_sharing_enabled":true,"jetpack_shortlink":"https:\/\/wp.me\/P6gLwv-hW","jetpack-related-posts":[{"id":1099,"url":"https:\/\/www.mulheresliberais.com\/blog\/encontros-online-no-piaui\/","url_meta":{"origin":1112,"position":0},"title":"Encontros online no Piau\u00ed","date":"","format":false,"excerpt":"Aposto que h\u00e1 muitos homens que n\u00e3o sabem que existem imensas mulheres gostosas no Piau\u00ed ansiosas de ter encontros online. Mas a verdade \u00e9 que existem mesmo, e cada vez mais. As raz\u00f5es delas s\u00e3o variadas, mas a realidade \u00e9 que cada vez mais se verifica que \u00e9 mais prov\u00e1vel\u2026","rel":"","context":"Similar post","img":{"alt_text":"","src":"","width":0,"height":0},"classes":[]},{"id":912,"url":"https:\/\/www.mulheresliberais.com\/blog\/mulheres-procuram-amantes-na-regiao-de-setubal\/","url_meta":{"origin":1112,"position":1},"title":"Mulheres procuram amantes na regi\u00e3o de Set\u00fabal","date":"","format":false,"excerpt":"Muitas mulheres\u00a0procuram amantes\u00a0para terem\u00a0encontros secretos\u00a0e escaldantes em Set\u00fabal. Todos os dias, cada vez mais h\u00e1 mulheres casadas que desejam e procuram um amante! Muitas vezes, estas\u00a0mulheres casadas infi\u00e9is procuram algu\u00e9m que lhes queira dar aten\u00e7\u00e3o, pois os seus c\u00f4njuges j\u00e1 n\u00e3o lhes d\u00e3o o amor e carinho que precisam.\u00a0Os maridos\u2026","rel":"","context":"With 2 comments","img":{"alt_text":"mulheres procuram amantes","src":"https:\/\/i0.wp.com\/www.mulheresliberais.com\/blog\/wp-content\/uploads\/2015\/07\/mulheres-procuram-amantes.jpg?resize=350%2C200&ssl=1","width":350,"height":200},"classes":[]},{"id":1114,"url":"https:\/\/www.mulheresliberais.com\/blog\/encontrar-casadas-na-regiao-de-minas-gerais\/","url_meta":{"origin":1112,"position":2},"title":"Encontrar casadas na regi\u00e3o de Minas Gerais","date":"","format":false,"excerpt":"Mulher casada \u00e0 procura de amante \u00e9 coisa que n\u00e3o falta em Minas Gerais. Acredite que n\u00e3o \u00e9 nada dif\u00edcil encontrar casadas com desejo de trair seus maridos. Existem muitas raz\u00f5es para elas quererem amantes. O marido n\u00e3o lhes d\u00e1 a aten\u00e7\u00e3o de que necessitam, est\u00e3o fartas da mesma rotina\u2026","rel":"","context":"With 2 comments","img":{"alt_text":"","src":"","width":0,"height":0},"classes":[]},{"id":1087,"url":"https:\/\/www.mulheresliberais.com\/blog\/mulheres-procurando-homens-no-parana\/","url_meta":{"origin":1112,"position":3},"title":"Mulheres procurando homens no Paran\u00e1","date":"","format":false,"excerpt":"Certamente, a hist\u00f3ria no Paran\u00e1 n\u00e3o \u00e9 diferente de qualquer outra regi\u00e3o, houve sempre homens procurando mulheres e mulheres procurando homens. Antigamente era feito em eventos sociais, em caf\u00e9s, bares, e discotecas, e os problemas foram sempre os mesmos: Escolha limitada as pessoas que est\u00e3o presentes naquele local, naquela altura;\u2026","rel":"","context":"With 28 comments","img":{"alt_text":"","src":"","width":0,"height":0},"classes":[]},{"id":1131,"url":"https:\/\/www.mulheresliberais.com\/blog\/encontros-escaldantes-na-bahia\/","url_meta":{"origin":1112,"position":4},"title":"Encontros escaldantes na Bahia","date":"","format":false,"excerpt":"Todos n\u00f3s adoramos e procuramos ter aventuras, n\u00e9? As\u00a0mulheres infi\u00e9is na\u00a0Bahia\u00a0est\u00e3o procurando ter encontros escaldantes com homens solteiros ou mesmo casados que satisfa\u00e7am todas as suas necessidades e fantasias. Queremos tudo isso sem qualquer esp\u00e9cie de comprometimento e com a m\u00e1xima descri\u00e7\u00e3o poss\u00edvel. Qualquer mulher que sinta falta de aten\u00e7\u00e3o\u2026","rel":"","context":"With 2 comments","img":{"alt_text":"encontros escaldantes","src":"https:\/\/i2.wp.com\/www.mulheresliberais.com\/blog\/wp-content\/uploads\/2015\/07\/encontros-escaldantes.jpg?resize=350%2C200&ssl=1","width":350,"height":200},"classes":[]},{"id":1093,"url":"https:\/\/www.mulheresliberais.com\/blog\/mulheres-solteiras-gatas-do-rio-de-janeiro\/","url_meta":{"origin":1112,"position":5},"title":"Mulheres solteiras gatas do Rio de Janeiro","date":"","format":false,"excerpt":"Rio de Janeiro \u00e9 um verdadeiro rio de mulheres solteiras. Mulheres que est\u00e3o procurando homens interessantes, charmosos, e vigorosos para lhes proporcionar momentos inesquec\u00edveis. Estar\u00e1 \u00e0 altura? Eu penso que sim. E sabe qual \u00e9 a melhor maneira de conhecer algumas das mais belas mulheres solteiras de Rio de Janeiro?\u2026","rel":"","context":"With 2 comments","img":{"alt_text":"","src":"","width":0,"height":0},"classes":[]}],"_links":{"self":[{"href":"https:\/\/www.mulheresliberais.com\/blog\/wp-json\/wp\/v2\/pages\/1112"}],"collection":[{"href":"https:\/\/www.mulheresliberais.com\/blog\/wp-json\/wp\/v2\/pages"}],"about":[{"href":"https:\/\/www.mulheresliberais.com\/blog\/wp-json\/wp\/v2\/types\/page"}],"author":[{"embeddable":true,"href":"https:\/\/www.mulheresliberais.com\/blog\/wp-json\/wp\/v2\/users\/1"}],"replies":[{"embeddable":true,"href":"https:\/\/www.mulheresliberais.com\/blog\/wp-json\/wp\/v2\/comments?post=1112"}],"version-history":[{"count":2,"href":"https:\/\/www.mulheresliberais.com\/blog\/wp-json\/wp\/v2\/pages\/1112\/revisions"}],"predecessor-version":[{"id":1161,"href":"https:\/\/www.mulheresliberais.com\/blog\/wp-json\/wp\/v2\/pages\/1112\/revisions\/1161"}],"wp:attachment":[{"href":"https:\/\/www.mulheresliberais.com\/blog\/wp-json\/wp\/v2\/media?parent=1112"}],"curies":[{"name":"wp","href":"https:\/\/api.w.org\/{rel}","templated":true}]}}