{"id":1106,"date":"2015-08-11T18:25:50","date_gmt":"2015-08-11T18:25:50","guid":{"rendered":"http:\/\/www.mulheresliberais.com\/blog\/?page_id=1106"},"modified":"2015-08-11T18:25:50","modified_gmt":"2015-08-11T18:25:50","slug":"encontros-secretos-com-gatas-no-sergipe","status":"publish","type":"page","link":"https:\/\/www.mulheresliberais.com\/blog\/encontros-secretos-com-gatas-no-sergipe\/","title":{"rendered":"Tenha encontros secretos com gatas no Sergipe"},"content":{"rendered":"<p>Se \u00e9 um homem casado infiel que est\u00e1 realmente farto do seu casamento e da sua mulher, ent\u00e3o o site Mulheres Liberais \u00e9 a melhor coisa que podia ter achado na sua vida\u2026 N\u00e3o h\u00e1 nada melhor do que ter encontros secretos com essas gatas gostosas do Sergipe!<\/p>\n<p>As mulheres casadas de Sergipe est\u00e3o sempre procurando homens para satisfazerem os seus desejos pois seus maridos n\u00e3o ligam nenhuma para elas! Se liga no que elas querem:<\/p>\n<ul>\n<li>Amantes perfeitos para terem encontros secretos e legais<\/li>\n<li>Querem homens que lhes d\u00eaem aten\u00e7\u00e3o que seus maridos n\u00e3o d\u00e3o<\/li>\n<li>Querem amor e carinho<\/li>\n<li>T\u00eam muito amor e carinho para dar e claro para receber<\/li>\n<li><a href=\"https:\/\/www.mulheresliberais.com\/blog\/encontros-intimos-e-mulheres\/\">Encontros \u00edntimos e discretos<\/a> que as fa\u00e7am esquecerem suas vidas de casadas que elas tanto detestam<\/li>\n<\/ul>\n<p>&nbsp;<\/p>\n<h2>Encontros secretos e mulheres casadas infi\u00e9is<\/h2>\n<blockquote><p><em>Antes de me registrar no site sentia que minha vida n\u00e3o tinha mais import\u00e2ncia pois s\u00f3 servia para limpar e cozinhar, meu marido n\u00e3o queria saber mais de mim! Agora tenho encontros secretos com homens de todo o Brasil que querem apenas passar um bom momento e nada mais que isso!<\/em><\/p>\n<p style=\"text-align: right;\"><em>L\u00facia \u2013 Japaratuba<\/em><\/p>\n<\/blockquote>\n<p>&nbsp;<\/p>\n<blockquote><p><em>Sou um cara legal e casado h\u00e1 mais de cinco anos. Meu amor por minha mulher nunca morreu mas parece que o desejo que ela sentia por mim foi desaparecendo, por isso, me registrei no Mulheres Liberais e comecei a ter v\u00e1rios encontros secretos enquanto me ausentava em trabalho! Visito muito Moita Bonita e essas <a href=\"https:\/\/www.mulheresliberais.com\/blog\/conseguir-encontros-com-senhoras-casadas\/\">mulheres casadas<\/a> de l\u00e1 s\u00e3o completamente safadas e gostosonas\u2026 Continuo casado mas agora sou bem mais feliz pois me sinto mais realizado e tenho imensos encontros sem compromissos!<\/em><\/p>\n<p style=\"text-align: right;\"><em>Vasco \u2013 Canind\u00e9 de S\u00e3o Francisco<\/em><\/p>\n<\/blockquote>\n<p>&nbsp;<\/p>\n<blockquote><p><em>Dantes tinha sexo com meu marido quase dez vezes por semana, mas ai ele arranjou um trabalho em que precisa viajar muito, e meu desejo nunca desapareceu, por isso, tento ter muito sexo quando ele est\u00e1 em casa mas tamb\u00e9m quando est\u00e1 fora! Consegui ter encontros secretos e \u00edntimos com homens diferentes desde que encontrei esse site. Nunca tive que me preocupar com privacidade porque nenhum dos homens s\u00e3o de Areia Branca! E como tamb\u00e9m nos encontramos sempre em mot\u00e9is bem legais Cristin\u00e1polis, n\u00e3o corro nunca o risco de ser flagrada. Se quiser pode sempre me contactar pois meu desejo est\u00e1 sempre aumentando e adoro conhecer novas pessoas. Estou sempre ligada!<\/em><\/p>\n<p style=\"text-align: right;\"><em>July \u2013 Areia Branca<\/em><\/p>\n<\/blockquote>\n<p>&nbsp;<\/p>\n<p>Na regi\u00e3o de Sergipe, tanto os homens como as mulheres casadas infi\u00e9is procuram amantes de sonho para terem os seus encontros secretos e poderem realizar todas as suas fantasias sexuais!<\/p>\n<p>Ser\u00e1 que voc\u00ea quer mesmo ficar preso nessa rotina que \u00e9 o seu casamento? N\u00e3o? Ent\u00e3o se n\u00e3o, porque \u00e9 que ainda est\u00e1 perdendo tempo conhecendo outras mulheres em locais completamente errados para si?<\/p>\n<p>Se registre no site Mulheres Liberais e utilize a nossa fabulosa ferramenta de pesquisa avan\u00e7ada e ache logo aquela mulher que voc\u00ea sempre sonhou, a verdadeira mulher dos seus sonhos para ter aqueles encontros bem gostosos e tudo isso sem ter que sair do conforto da sua casa!<\/p>\n","protected":false},"excerpt":{"rendered":"<p>Se \u00e9 um homem casado infiel que est\u00e1 realmente farto do seu casamento e da sua mulher, ent\u00e3o o site Mulheres Liberais \u00e9 a melhor coisa que podia ter achado na sua vida\u2026 N\u00e3o h\u00e1 nada melhor do que ter encontros secretos com essas gatas gostosas do Sergipe! As mulheres casadas de Sergipe est\u00e3o sempre procurando homens para satisfazerem os seus desejos pois seus maridos n\u00e3o ligam nenhuma para elas! Se liga no que elas querem: Amantes perfeitos para terem encontros secretos e legais Querem homens que lhes d\u00eaem aten\u00e7\u00e3o que seus maridos n\u00e3o d\u00e3o Querem amor e carinho T\u00eam <\/p>\n","protected":false},"author":1,"featured_media":0,"parent":0,"menu_order":0,"comment_status":"open","ping_status":"open","template":"","meta":{"spay_email":""},"yoast_head":"<!-- This site is optimized with the Yoast SEO plugin v17.9 - https:\/\/yoast.com\/wordpress\/plugins\/seo\/ -->\n<meta name=\"description\" content=\"Tenha encontros secretos com gatas no Sergipe. Tudo o que os homens casados infi\u00e9is mais procuram \u00e9 ter encontros secretos com as gatas gostosas de Sergipe.\" \/>\n<meta name=\"robots\" content=\"index, follow, max-snippet:-1, max-image-preview:large, max-video-preview:-1\" \/>\n<link rel=\"canonical\" href=\"https:\/\/www.mulheresliberais.com\/blog\/encontros-secretos-com-gatas-no-sergipe\/\" \/>\n<meta property=\"og:locale\" content=\"pt_PT\" \/>\n<meta property=\"og:type\" content=\"article\" \/>\n<meta property=\"og:title\" content=\"Tenha encontros secretos com gatas no Sergipe - Mulheres Liberais\" \/>\n<meta property=\"og:description\" content=\"Tenha encontros secretos com gatas no Sergipe. Tudo o que os homens casados infi\u00e9is mais procuram \u00e9 ter encontros secretos com as gatas gostosas de Sergipe.\" \/>\n<meta property=\"og:url\" content=\"https:\/\/www.mulheresliberais.com\/blog\/encontros-secretos-com-gatas-no-sergipe\/\" \/>\n<meta property=\"og:site_name\" content=\"Mulheres Liberais\" \/>\n<meta name=\"twitter:label1\" content=\"Tempo estimado de leitura\" \/>\n\t<meta name=\"twitter:data1\" content=\"3 minutos\" \/>\n<script type=\"application\/ld+json\" class=\"yoast-schema-graph\">{\"@context\":\"https:\/\/schema.org\",\"@graph\":[{\"@type\":\"WebSite\",\"@id\":\"http:\/\/www.mulheresliberais.com\/blog\/#website\",\"url\":\"http:\/\/www.mulheresliberais.com\/blog\/\",\"name\":\"Mulheres Liberais\",\"description\":\"Encontros Sem Compromisso\",\"potentialAction\":[{\"@type\":\"SearchAction\",\"target\":{\"@type\":\"EntryPoint\",\"urlTemplate\":\"http:\/\/www.mulheresliberais.com\/blog\/?s={search_term_string}\"},\"query-input\":\"required name=search_term_string\"}],\"inLanguage\":\"pt-PT\"},{\"@type\":\"WebPage\",\"@id\":\"https:\/\/www.mulheresliberais.com\/blog\/encontros-secretos-com-gatas-no-sergipe\/#webpage\",\"url\":\"https:\/\/www.mulheresliberais.com\/blog\/encontros-secretos-com-gatas-no-sergipe\/\",\"name\":\"Tenha encontros secretos com gatas no Sergipe - Mulheres Liberais\",\"isPartOf\":{\"@id\":\"http:\/\/www.mulheresliberais.com\/blog\/#website\"},\"datePublished\":\"2015-08-11T18:25:50+00:00\",\"dateModified\":\"2015-08-11T18:25:50+00:00\",\"description\":\"Tenha encontros secretos com gatas no Sergipe. Tudo o que os homens casados infi\\u00e9is mais procuram \\u00e9 ter encontros secretos com as gatas gostosas de Sergipe.\",\"breadcrumb\":{\"@id\":\"https:\/\/www.mulheresliberais.com\/blog\/encontros-secretos-com-gatas-no-sergipe\/#breadcrumb\"},\"inLanguage\":\"pt-PT\",\"potentialAction\":[{\"@type\":\"ReadAction\",\"target\":[\"https:\/\/www.mulheresliberais.com\/blog\/encontros-secretos-com-gatas-no-sergipe\/\"]}]},{\"@type\":\"BreadcrumbList\",\"@id\":\"https:\/\/www.mulheresliberais.com\/blog\/encontros-secretos-com-gatas-no-sergipe\/#breadcrumb\",\"itemListElement\":[{\"@type\":\"ListItem\",\"position\":1,\"name\":\"Home\",\"item\":\"http:\/\/www.mulheresliberais.com\/blog\/\"},{\"@type\":\"ListItem\",\"position\":2,\"name\":\"Tenha encontros secretos com gatas no Sergipe\"}]}]}<\/script>\n<!-- \/ Yoast SEO plugin. -->","yoast_head_json":{"description":"Tenha encontros secretos com gatas no Sergipe. Tudo o que os homens casados infi\u00e9is mais procuram \u00e9 ter encontros secretos com as gatas gostosas de Sergipe.","robots":{"index":"index","follow":"follow","max-snippet":"max-snippet:-1","max-image-preview":"max-image-preview:large","max-video-preview":"max-video-preview:-1"},"canonical":"https:\/\/www.mulheresliberais.com\/blog\/encontros-secretos-com-gatas-no-sergipe\/","og_locale":"pt_PT","og_type":"article","og_title":"Tenha encontros secretos com gatas no Sergipe - Mulheres Liberais","og_description":"Tenha encontros secretos com gatas no Sergipe. Tudo o que os homens casados infi\u00e9is mais procuram \u00e9 ter encontros secretos com as gatas gostosas de Sergipe.","og_url":"https:\/\/www.mulheresliberais.com\/blog\/encontros-secretos-com-gatas-no-sergipe\/","og_site_name":"Mulheres Liberais","twitter_misc":{"Tempo estimado de leitura":"3 minutos"},"schema":{"@context":"https:\/\/schema.org","@graph":[{"@type":"WebSite","@id":"http:\/\/www.mulheresliberais.com\/blog\/#website","url":"http:\/\/www.mulheresliberais.com\/blog\/","name":"Mulheres Liberais","description":"Encontros Sem Compromisso","potentialAction":[{"@type":"SearchAction","target":{"@type":"EntryPoint","urlTemplate":"http:\/\/www.mulheresliberais.com\/blog\/?s={search_term_string}"},"query-input":"required name=search_term_string"}],"inLanguage":"pt-PT"},{"@type":"WebPage","@id":"https:\/\/www.mulheresliberais.com\/blog\/encontros-secretos-com-gatas-no-sergipe\/#webpage","url":"https:\/\/www.mulheresliberais.com\/blog\/encontros-secretos-com-gatas-no-sergipe\/","name":"Tenha encontros secretos com gatas no Sergipe - Mulheres Liberais","isPartOf":{"@id":"http:\/\/www.mulheresliberais.com\/blog\/#website"},"datePublished":"2015-08-11T18:25:50+00:00","dateModified":"2015-08-11T18:25:50+00:00","description":"Tenha encontros secretos com gatas no Sergipe. Tudo o que os homens casados infi\u00e9is mais procuram \u00e9 ter encontros secretos com as gatas gostosas de Sergipe.","breadcrumb":{"@id":"https:\/\/www.mulheresliberais.com\/blog\/encontros-secretos-com-gatas-no-sergipe\/#breadcrumb"},"inLanguage":"pt-PT","potentialAction":[{"@type":"ReadAction","target":["https:\/\/www.mulheresliberais.com\/blog\/encontros-secretos-com-gatas-no-sergipe\/"]}]},{"@type":"BreadcrumbList","@id":"https:\/\/www.mulheresliberais.com\/blog\/encontros-secretos-com-gatas-no-sergipe\/#breadcrumb","itemListElement":[{"@type":"ListItem","position":1,"name":"Home","item":"http:\/\/www.mulheresliberais.com\/blog\/"},{"@type":"ListItem","position":2,"name":"Tenha encontros secretos com gatas no Sergipe"}]}]}},"jetpack_sharing_enabled":true,"jetpack_shortlink":"https:\/\/wp.me\/P6gLwv-hQ","jetpack-related-posts":[{"id":1133,"url":"https:\/\/www.mulheresliberais.com\/blog\/encontros-com-casadas-no-amazonas\/","url_meta":{"origin":1106,"position":0},"title":"Encontros com casadas no Amazonas","date":"","format":false,"excerpt":"N\u00e3o \u00e9 novidade nenhuma que todos n\u00f3s amamos pular a cerca de vez em quando, certo? Maior parte dos homens infi\u00e9is ou solteiros adoram ter encontros com casadas do Amazonas, pois essas mulheres s\u00e3o verdadeiras amantes de sonho para qualquer pessoa que tenha fantasias ou desejos sexuais. E o mais\u2026","rel":"","context":"With 2 comments","img":{"alt_text":"","src":"","width":0,"height":0},"classes":[]},{"id":1129,"url":"https:\/\/www.mulheresliberais.com\/blog\/mulheres-brasileiras-liberais-no-amapa\/","url_meta":{"origin":1106,"position":1},"title":"Mulheres brasileiras liberais no Amap\u00e1","date":"","format":false,"excerpt":"Muitas mulheres brasileiras liberais procuram\u00a0encontros secretos no\u00a0Amap\u00e1, sabia? Essas mulheres n\u00e3o querem apenas homens casados estejam tamb\u00e9m dispostos a trair, mas cada vez mais as mulheres infi\u00e9is buscam um amante perfeito. Essa \u00e9 a melhor forma para encontrar amantes e para realizarem seus desejos escaldantes. \u00a0No\u00a0Mulheres Liberais, voc\u00ea encontra milhares\u2026","rel":"","context":"With 1 comment","img":{"alt_text":"mulheres brasileiras liberais","src":"https:\/\/i1.wp.com\/www.mulheresliberais.com\/blog\/wp-content\/uploads\/2015\/07\/mulheres-casadas-liberais.jpg?resize=350%2C200&ssl=1","width":350,"height":200},"classes":[]},{"id":894,"url":"https:\/\/www.mulheresliberais.com\/blog\/encontros-secretos-na-ilha-da-madeira\/","url_meta":{"origin":1106,"position":2},"title":"Encontros secretos na Ilha da Madeira","date":"","format":false,"excerpt":"Que a Ilha da Madeira \u00e9 um local completamente parad\u00edsico j\u00e1 todos sabemos, mas que neste arquip\u00e9lago h\u00e1 mulheres infi\u00e9is para n\u00f3s foi uma nova descoberta! N\u00e3o h\u00e1 nada que estas mulheres casadas infi\u00e9is gostem mais do que descobrir homens que estejam \u00e0 altura das suas necessidades sexuais. Os seus\u2026","rel":"","context":"With 1 comment","img":{"alt_text":"encontros secretos","src":"https:\/\/i1.wp.com\/www.mulheresliberais.com\/blog\/wp-content\/uploads\/2015\/07\/encontros-secretos.jpg?resize=350%2C200&ssl=1","width":350,"height":200},"classes":[]},{"id":749,"url":"https:\/\/www.mulheresliberais.com\/blog\/esposas-infieis-em-lisboa\/","url_meta":{"origin":1106,"position":3},"title":"Esposas infi\u00e9is em Lisboa","date":"","format":false,"excerpt":"Muitas esposas infi\u00e9is procuram homens para terem encontros secretos e picantes em Lisboa, a cada dia que passa cada vez mais h\u00e1 mulheres casadas que querem um amante! Por vezes, estas mulheres casadas infi\u00e9is procuram algu\u00e9m que lhes queira dar amor e aten\u00e7\u00e3o pois o seu casamento j\u00e1 n\u00e3o funciona\u2026","rel":"","context":"With 1 comment","img":{"alt_text":"esposas infi\u00e9is","src":"https:\/\/i2.wp.com\/www.mulheresliberais.com\/blog\/wp-content\/uploads\/2015\/07\/esposas-infi\u00e9is.jpg?resize=350%2C200&ssl=1","width":350,"height":200},"classes":[]},{"id":912,"url":"https:\/\/www.mulheresliberais.com\/blog\/mulheres-procuram-amantes-na-regiao-de-setubal\/","url_meta":{"origin":1106,"position":4},"title":"Mulheres procuram amantes na regi\u00e3o de Set\u00fabal","date":"","format":false,"excerpt":"Muitas mulheres\u00a0procuram amantes\u00a0para terem\u00a0encontros secretos\u00a0e escaldantes em Set\u00fabal. Todos os dias, cada vez mais h\u00e1 mulheres casadas que desejam e procuram um amante! Muitas vezes, estas\u00a0mulheres casadas infi\u00e9is procuram algu\u00e9m que lhes queira dar aten\u00e7\u00e3o, pois os seus c\u00f4njuges j\u00e1 n\u00e3o lhes d\u00e3o o amor e carinho que precisam.\u00a0Os maridos\u2026","rel":"","context":"With 1 comment","img":{"alt_text":"mulheres procuram amantes","src":"https:\/\/i0.wp.com\/www.mulheresliberais.com\/blog\/wp-content\/uploads\/2015\/07\/mulheres-procuram-amantes.jpg?resize=350%2C200&ssl=1","width":350,"height":200},"classes":[]},{"id":1095,"url":"https:\/\/www.mulheresliberais.com\/blog\/encontros-entre-casados-em-santa-catarina\/","url_meta":{"origin":1106,"position":5},"title":"Encontros entre casados em Santa Catarina","date":"","format":false,"excerpt":"A vida de um casal acaba sempre por perder um pouco do seu brilho ap\u00f3s algum tempo juntos, n\u00e3o concorda? O casamento e a rotina da vida te deixa farto de coisas que dantes voc\u00ea at\u00e9 adorava! Os encontros entre casados s\u00e3o cada vez mais comum em todas as partes\u2026","rel":"","context":"With 1 comment","img":{"alt_text":"","src":"","width":0,"height":0},"classes":[]}],"_links":{"self":[{"href":"https:\/\/www.mulheresliberais.com\/blog\/wp-json\/wp\/v2\/pages\/1106"}],"collection":[{"href":"https:\/\/www.mulheresliberais.com\/blog\/wp-json\/wp\/v2\/pages"}],"about":[{"href":"https:\/\/www.mulheresliberais.com\/blog\/wp-json\/wp\/v2\/types\/page"}],"author":[{"embeddable":true,"href":"https:\/\/www.mulheresliberais.com\/blog\/wp-json\/wp\/v2\/users\/1"}],"replies":[{"embeddable":true,"href":"https:\/\/www.mulheresliberais.com\/blog\/wp-json\/wp\/v2\/comments?post=1106"}],"version-history":[{"count":2,"href":"https:\/\/www.mulheresliberais.com\/blog\/wp-json\/wp\/v2\/pages\/1106\/revisions"}],"predecessor-version":[{"id":1165,"href":"https:\/\/www.mulheresliberais.com\/blog\/wp-json\/wp\/v2\/pages\/1106\/revisions\/1165"}],"wp:attachment":[{"href":"https:\/\/www.mulheresliberais.com\/blog\/wp-json\/wp\/v2\/media?parent=1106"}],"curies":[{"name":"wp","href":"https:\/\/api.w.org\/{rel}","templated":true}]}}