{"id":1099,"date":"2015-08-11T18:45:59","date_gmt":"2015-08-11T18:45:59","guid":{"rendered":"http:\/\/www.mulheresliberais.com\/blog\/?page_id=1099"},"modified":"2015-08-11T18:47:34","modified_gmt":"2015-08-11T18:47:34","slug":"encontros-online-no-piaui","status":"publish","type":"page","link":"https:\/\/www.mulheresliberais.com\/blog\/encontros-online-no-piaui\/","title":{"rendered":"Encontros online no Piau\u00ed"},"content":{"rendered":"<p>Aposto que h\u00e1 muitos homens que n\u00e3o sabem que existem imensas mulheres gostosas no Piau\u00ed ansiosas de ter encontros <em>online<\/em>. Mas a verdade \u00e9 que existem mesmo, e cada vez mais. As raz\u00f5es delas s\u00e3o variadas, mas a realidade \u00e9 que cada vez mais se verifica que \u00e9 mais prov\u00e1vel <a href=\"https:\/\/www.mulheresliberais.com\/blog\/ganhe-coragem-e-marque-um-encontro-real\/\">marcar um encontro real<\/a> depois de ter v\u00e1rios encontros <em>online<\/em>. Isto porqu\u00ea?<\/p>\n<ul>\n<li>As mulheres t\u00eam cada vez menos paci\u00eancia para conhecer homens quando saem com as amigas;<\/li>\n<li>Sentem-se mais \u00e0 vontade falando com homens desconhecidos se for <em>online<\/em>;<\/li>\n<li>Falta de tempo;<\/li>\n<li>Desejo que conhecer mais homens em menos tempo.<\/li>\n<\/ul>\n<p>&nbsp;<\/p>\n<p>Ali\u00e1s, muitas mulheres que querem ter <a href=\"https:\/\/www.mulheresliberais.com\/blog\/experimentar-encontros-online\/\">encontros <em>online<\/em><\/a>, fazem-no com o intuito de encontrar homens para encontros sexuais discretos, e \u00e9 muito mais f\u00e1cil manter o sigilo se a primeira abordagem for feita <em>online<\/em>.<\/p>\n<p>&nbsp;<\/p>\n<h2>Porque \u00e9 que as mulheres procuram homens para encontros <em>online<\/em>?<\/h2>\n<ul>\n<li>Querem conhecer homens gostosos para marcar encontros sexuais;<\/li>\n<li>Querem homens que lhes deem a aten\u00e7\u00e3o e carinho que n\u00e3o recebem em casa;<\/li>\n<li>Querem ver as suas fantasias sexuais realizadas;<\/li>\n<li>Est\u00e3o fartas das suas vidas entediadas em casa;<\/li>\n<li>Est\u00e3o cansadas da rotina sexual que vivem;<\/li>\n<li>Querem criar novas amizades.<\/li>\n<\/ul>\n<p>&nbsp;<\/p>\n<h3>Leia os testemunhos de algumas utilizadoras e veja se tem aquilo que elas precisam.<\/h3>\n<blockquote><p><em>Ol\u00e1, sou uma garotinha gostosa de 30 anos e vivo em Corrente. Tenho um corpo voluptuoso que o meu marido se nega a explorar. Procuro homens jovens com vigor para aquilo que preciso, e o que preciso \u00e9 libertar toda esta tens\u00e3o sexual que tenho acumulado. \u00c0s vezes passo meses sem sexo, e n\u00e3o consigo aguentar mais. Tenho desejos como qualquer mulher, e sinto que vou ter de deixar meu marido se esta sede n\u00e3o for saciada. N\u00e3o estou procurando nada s\u00e9rio, apenas sexo, muito sexo. Exijo sigilo total. Me ligue se estiver interessado em ter um encontro comigo.<\/em><\/p>\n<p style=\"text-align: right;\"><em>Natalia \u2013\u00a0Corrente<\/em><\/p>\n<\/blockquote>\n<p>&nbsp;<\/p>\n<blockquote><p><em>Ol\u00e1 para todos os gostos\u00f5es e gostosonas do Piau\u00ed! Venho aqui ao Mulheres Liberais em busca de homens que procuram divertir-se comigo! Sou uma garota linda, de 29 anos. Tenho alhos azuis, corpo esbelto, e um rabo de fazer inveja a qualquer mulher. Acabei recentemente um namoro de longa dura\u00e7\u00e3o e decidi que est\u00e1 na hora da libera\u00e7\u00e3o. Fartei de estar acorrentada a um homem e procuro novas experi\u00eancias, tanto com homens como com mulheres. Falaram-me dos encontros online e decidi experimentar. Quero conhecer todo o mundo e ver quem tem estaleca para me acompanhar!<\/em><\/p>\n<p style=\"text-align: right;\"><em>Vanda \u2013\u00a0Floriano<\/em><\/p>\n<\/blockquote>\n<p>&nbsp;<\/p>\n<blockquote><p><em>Ol\u00e1 a todos. Tenho 28 anos e procuro estabelecer novas amizades. \u00c9 a primeira vez que me registo num site de encontros online, e confesso que estou um pouco apreensiva. Tenho algumas amigas que fizeram o mesmo e dizem estar contentes e pensei que na realidade n\u00e3o tinha nada a perder. Sou um pouco t\u00edmida e fico muito nervosa quando os homens falam para me conhecer (o que acontece frequentemente), penso que me sinto mais \u00e0 vontade a escrever para as pessoas antes de as conhecer pessoalmente. Se quiserem conhecer uma garota simp\u00e1tica, me procurem!<\/em><\/p>\n<p style=\"text-align: right;\"><em>Dalila \u2013\u00a0Bom Jesus<\/em><\/p>\n<\/blockquote>\n<p>&nbsp;<\/p>\n<p>Como pode ver, todas as mulheres est\u00e3o buscando algo diferente no Mulheres Liberais. \u00c9 mais que certo que voc\u00ea vai encontrar algu\u00e9m que quer o que voc\u00ea tem para oferecer.<\/p>\n<p><div class=\"message_box warning\"><p>Se registre no Mulheres Liberais e comece a ter seus encontros <em>online<\/em> agora!<em>\u00a0<\/p><\/div> <\/em><\/p>\n","protected":false},"excerpt":{"rendered":"<p>Aposto que h\u00e1 muitos homens que n\u00e3o sabem que existem imensas mulheres gostosas no Piau\u00ed ansiosas de ter encontros online. Mas a verdade \u00e9 que existem mesmo, e cada vez mais. As raz\u00f5es delas s\u00e3o variadas, mas a realidade \u00e9 que cada vez mais se verifica que \u00e9 mais prov\u00e1vel marcar um encontro real depois de ter v\u00e1rios encontros online. Isto porqu\u00ea? As mulheres t\u00eam cada vez menos paci\u00eancia para conhecer homens quando saem com as amigas; Sentem-se mais \u00e0 vontade falando com homens desconhecidos se for online; Falta de tempo; Desejo que conhecer mais homens em menos tempo. &nbsp; <\/p>\n","protected":false},"author":1,"featured_media":0,"parent":0,"menu_order":0,"comment_status":"open","ping_status":"open","template":"","meta":{"spay_email":""},"yoast_head":"<!-- This site is optimized with the Yoast SEO plugin v17.9 - https:\/\/yoast.com\/wordpress\/plugins\/seo\/ -->\n<meta name=\"description\" content=\"Encontros online no Piau\u00ed. Antes de conhecer algu\u00e9m o melhor mesmo \u00e9 ter encontros online, assim ter\u00e1 a certeza que a qu\u00edmica \u00e9 realmente mutua!\" \/>\n<meta name=\"robots\" content=\"index, follow, max-snippet:-1, max-image-preview:large, max-video-preview:-1\" \/>\n<link rel=\"canonical\" href=\"https:\/\/www.mulheresliberais.com\/blog\/encontros-online-no-piaui\/\" \/>\n<meta property=\"og:locale\" content=\"pt_PT\" \/>\n<meta property=\"og:type\" content=\"article\" \/>\n<meta property=\"og:title\" content=\"Encontros online no Piau\u00ed - Mulheres Liberais\" \/>\n<meta property=\"og:description\" content=\"Encontros online no Piau\u00ed. Antes de conhecer algu\u00e9m o melhor mesmo \u00e9 ter encontros online, assim ter\u00e1 a certeza que a qu\u00edmica \u00e9 realmente mutua!\" \/>\n<meta property=\"og:url\" content=\"https:\/\/www.mulheresliberais.com\/blog\/encontros-online-no-piaui\/\" \/>\n<meta property=\"og:site_name\" content=\"Mulheres Liberais\" \/>\n<meta property=\"article:modified_time\" content=\"2015-08-11T18:47:34+00:00\" \/>\n<meta name=\"twitter:label1\" content=\"Tempo estimado de leitura\" \/>\n\t<meta name=\"twitter:data1\" content=\"3 minutos\" \/>\n<script type=\"application\/ld+json\" class=\"yoast-schema-graph\">{\"@context\":\"https:\/\/schema.org\",\"@graph\":[{\"@type\":\"WebSite\",\"@id\":\"http:\/\/www.mulheresliberais.com\/blog\/#website\",\"url\":\"http:\/\/www.mulheresliberais.com\/blog\/\",\"name\":\"Mulheres Liberais\",\"description\":\"Encontros Sem Compromisso\",\"potentialAction\":[{\"@type\":\"SearchAction\",\"target\":{\"@type\":\"EntryPoint\",\"urlTemplate\":\"http:\/\/www.mulheresliberais.com\/blog\/?s={search_term_string}\"},\"query-input\":\"required name=search_term_string\"}],\"inLanguage\":\"pt-PT\"},{\"@type\":\"WebPage\",\"@id\":\"https:\/\/www.mulheresliberais.com\/blog\/encontros-online-no-piaui\/#webpage\",\"url\":\"https:\/\/www.mulheresliberais.com\/blog\/encontros-online-no-piaui\/\",\"name\":\"Encontros online no Piau\\u00ed - Mulheres Liberais\",\"isPartOf\":{\"@id\":\"http:\/\/www.mulheresliberais.com\/blog\/#website\"},\"datePublished\":\"2015-08-11T18:45:59+00:00\",\"dateModified\":\"2015-08-11T18:47:34+00:00\",\"description\":\"Encontros online no Piau\\u00ed. Antes de conhecer algu\\u00e9m o melhor mesmo \\u00e9 ter encontros online, assim ter\\u00e1 a certeza que a qu\\u00edmica \\u00e9 realmente mutua!\",\"breadcrumb\":{\"@id\":\"https:\/\/www.mulheresliberais.com\/blog\/encontros-online-no-piaui\/#breadcrumb\"},\"inLanguage\":\"pt-PT\",\"potentialAction\":[{\"@type\":\"ReadAction\",\"target\":[\"https:\/\/www.mulheresliberais.com\/blog\/encontros-online-no-piaui\/\"]}]},{\"@type\":\"BreadcrumbList\",\"@id\":\"https:\/\/www.mulheresliberais.com\/blog\/encontros-online-no-piaui\/#breadcrumb\",\"itemListElement\":[{\"@type\":\"ListItem\",\"position\":1,\"name\":\"Home\",\"item\":\"http:\/\/www.mulheresliberais.com\/blog\/\"},{\"@type\":\"ListItem\",\"position\":2,\"name\":\"Encontros online no Piau\\u00ed\"}]}]}<\/script>\n<!-- \/ Yoast SEO plugin. -->","yoast_head_json":{"description":"Encontros online no Piau\u00ed. Antes de conhecer algu\u00e9m o melhor mesmo \u00e9 ter encontros online, assim ter\u00e1 a certeza que a qu\u00edmica \u00e9 realmente mutua!","robots":{"index":"index","follow":"follow","max-snippet":"max-snippet:-1","max-image-preview":"max-image-preview:large","max-video-preview":"max-video-preview:-1"},"canonical":"https:\/\/www.mulheresliberais.com\/blog\/encontros-online-no-piaui\/","og_locale":"pt_PT","og_type":"article","og_title":"Encontros online no Piau\u00ed - Mulheres Liberais","og_description":"Encontros online no Piau\u00ed. Antes de conhecer algu\u00e9m o melhor mesmo \u00e9 ter encontros online, assim ter\u00e1 a certeza que a qu\u00edmica \u00e9 realmente mutua!","og_url":"https:\/\/www.mulheresliberais.com\/blog\/encontros-online-no-piaui\/","og_site_name":"Mulheres Liberais","article_modified_time":"2015-08-11T18:47:34+00:00","twitter_misc":{"Tempo estimado de leitura":"3 minutos"},"schema":{"@context":"https:\/\/schema.org","@graph":[{"@type":"WebSite","@id":"http:\/\/www.mulheresliberais.com\/blog\/#website","url":"http:\/\/www.mulheresliberais.com\/blog\/","name":"Mulheres Liberais","description":"Encontros Sem Compromisso","potentialAction":[{"@type":"SearchAction","target":{"@type":"EntryPoint","urlTemplate":"http:\/\/www.mulheresliberais.com\/blog\/?s={search_term_string}"},"query-input":"required name=search_term_string"}],"inLanguage":"pt-PT"},{"@type":"WebPage","@id":"https:\/\/www.mulheresliberais.com\/blog\/encontros-online-no-piaui\/#webpage","url":"https:\/\/www.mulheresliberais.com\/blog\/encontros-online-no-piaui\/","name":"Encontros online no Piau\u00ed - Mulheres Liberais","isPartOf":{"@id":"http:\/\/www.mulheresliberais.com\/blog\/#website"},"datePublished":"2015-08-11T18:45:59+00:00","dateModified":"2015-08-11T18:47:34+00:00","description":"Encontros online no Piau\u00ed. Antes de conhecer algu\u00e9m o melhor mesmo \u00e9 ter encontros online, assim ter\u00e1 a certeza que a qu\u00edmica \u00e9 realmente mutua!","breadcrumb":{"@id":"https:\/\/www.mulheresliberais.com\/blog\/encontros-online-no-piaui\/#breadcrumb"},"inLanguage":"pt-PT","potentialAction":[{"@type":"ReadAction","target":["https:\/\/www.mulheresliberais.com\/blog\/encontros-online-no-piaui\/"]}]},{"@type":"BreadcrumbList","@id":"https:\/\/www.mulheresliberais.com\/blog\/encontros-online-no-piaui\/#breadcrumb","itemListElement":[{"@type":"ListItem","position":1,"name":"Home","item":"http:\/\/www.mulheresliberais.com\/blog\/"},{"@type":"ListItem","position":2,"name":"Encontros online no Piau\u00ed"}]}]}},"jetpack_sharing_enabled":true,"jetpack_shortlink":"https:\/\/wp.me\/P6gLwv-hJ","jetpack-related-posts":[{"id":1101,"url":"https:\/\/www.mulheresliberais.com\/blog\/pernambuco-e-os-seus-encontros-online-gratuitos\/","url_meta":{"origin":1099,"position":0},"title":"Pernambuco e os seus encontros online gratuitos","date":"","format":false,"excerpt":"Ser\u00e1 que h\u00e1 muita gente de Pernambuco buscando encontros online gratuitos? A resposta \u00e9 sim, e n\u00e3o s\u00e3o poucos. \u00c9 cada vez mais trabalhoso, inc\u00f4modo, e dispendioso conhecer pessoas novas e marcar encontros. A solu\u00e7\u00e3o que as pessoas encontram \u00e9 de facto os encontros online gratuitos. Porqu\u00ea? \u00c9 f\u00e1cil encontrar\u2026","rel":"","context":"With 2 comments","img":{"alt_text":"","src":"","width":0,"height":0},"classes":[]},{"id":749,"url":"https:\/\/www.mulheresliberais.com\/blog\/esposas-infieis-em-lisboa\/","url_meta":{"origin":1099,"position":1},"title":"Esposas infi\u00e9is em Lisboa","date":"","format":false,"excerpt":"Muitas esposas infi\u00e9is procuram homens para terem encontros secretos e picantes em Lisboa, a cada dia que passa cada vez mais h\u00e1 mulheres casadas que querem um amante! Por vezes, estas mulheres casadas infi\u00e9is procuram algu\u00e9m que lhes queira dar amor e aten\u00e7\u00e3o pois o seu casamento j\u00e1 n\u00e3o funciona\u2026","rel":"","context":"With 1 comment","img":{"alt_text":"esposas infi\u00e9is","src":"https:\/\/i2.wp.com\/www.mulheresliberais.com\/blog\/wp-content\/uploads\/2015\/07\/esposas-infi\u00e9is.jpg?resize=350%2C200&ssl=1","width":350,"height":200},"classes":[]},{"id":912,"url":"https:\/\/www.mulheresliberais.com\/blog\/mulheres-procuram-amantes-na-regiao-de-setubal\/","url_meta":{"origin":1099,"position":2},"title":"Mulheres procuram amantes na regi\u00e3o de Set\u00fabal","date":"","format":false,"excerpt":"Muitas mulheres\u00a0procuram amantes\u00a0para terem\u00a0encontros secretos\u00a0e escaldantes em Set\u00fabal. Todos os dias, cada vez mais h\u00e1 mulheres casadas que desejam e procuram um amante! Muitas vezes, estas\u00a0mulheres casadas infi\u00e9is procuram algu\u00e9m que lhes queira dar aten\u00e7\u00e3o, pois os seus c\u00f4njuges j\u00e1 n\u00e3o lhes d\u00e3o o amor e carinho que precisam.\u00a0Os maridos\u2026","rel":"","context":"With 1 comment","img":{"alt_text":"mulheres procuram amantes","src":"https:\/\/i0.wp.com\/www.mulheresliberais.com\/blog\/wp-content\/uploads\/2015\/07\/mulheres-procuram-amantes.jpg?resize=350%2C200&ssl=1","width":350,"height":200},"classes":[]},{"id":775,"url":"https:\/\/www.mulheresliberais.com\/blog\/mulheres-casadas-infieis-na-zona-de-viana-do-castelo\/","url_meta":{"origin":1099,"position":3},"title":"Mulheres casadas infi\u00e9is na zona de Viana do Castelo","date":"","format":false,"excerpt":"J\u00e1 alguma vez considerou conhecer mulheres casadas infi\u00e9is na zona de Viana do Castelo? Se j\u00e1 lhe tinha passado pela cabe\u00e7a ter encontros extraconjugais com mulheres casadas ent\u00e3o a melhor forma de as conhecer \u00e9 atrav\u00e9s do Mulheres Liberais. N\u00e3o haver\u00e1 melhor local para conhecer mulheres online e qui\u00e7\u00e1 a\u2026","rel":"","context":"With 1 comment","img":{"alt_text":"mulheres casadas infi\u00e9is","src":"https:\/\/i0.wp.com\/www.mulheresliberais.com\/blog\/wp-content\/uploads\/2015\/07\/mulheres-casadas-infieis.jpg?resize=350%2C200&ssl=1","width":350,"height":200},"classes":[]},{"id":841,"url":"https:\/\/www.mulheresliberais.com\/blog\/encontrar-amantes-online-na-regiao-de-viseu\/","url_meta":{"origin":1099,"position":4},"title":"Encontrar amantes online na regi\u00e3o de Viseu","date":"","format":false,"excerpt":"Durante muito tempo achei que o meu casamento fosse durar para o resto da vida e que o amor e a paix\u00e3o nunca fossem desaparecer mas estava mesmo muito enganada, ali\u00e1s nem sabia o qu\u00e3o enganada estava mas a vida encarregou-se de me mostrar o verdadeiro sentido de amor, apenas\u2026","rel":"","context":"With 1 comment","img":{"alt_text":"encontrar amantes online","src":"https:\/\/i1.wp.com\/www.mulheresliberais.com\/blog\/wp-content\/uploads\/2015\/07\/encontrar-amantes-online.jpg?resize=350%2C200&ssl=1","width":350,"height":200},"classes":[]},{"id":888,"url":"https:\/\/www.mulheresliberais.com\/blog\/encontrar-mulheres-na-guarda\/","url_meta":{"origin":1099,"position":5},"title":"Encontrar mulheres na Guarda","date":"","format":false,"excerpt":"As mulheres da Guarda s\u00e3o mulheres insatisfeitas com a sua vida sexual, querem sempre mais e mais. Encontrar mulheres que procuram homens casados infi\u00e9is nunca foi t\u00e3o f\u00e1cil! Elas andam a procura de encontros sem compromissos para se sentirem realmente realizadas e satisfeitas. Encontrar mulheres na Guarda que queiram aproveitar\u2026","rel":"","context":"With 1 comment","img":{"alt_text":"encontrar mulheres","src":"https:\/\/i0.wp.com\/www.mulheresliberais.com\/blog\/wp-content\/uploads\/2015\/07\/encontrar-mulheres.jpg?resize=350%2C200&ssl=1","width":350,"height":200},"classes":[]}],"_links":{"self":[{"href":"https:\/\/www.mulheresliberais.com\/blog\/wp-json\/wp\/v2\/pages\/1099"}],"collection":[{"href":"https:\/\/www.mulheresliberais.com\/blog\/wp-json\/wp\/v2\/pages"}],"about":[{"href":"https:\/\/www.mulheresliberais.com\/blog\/wp-json\/wp\/v2\/types\/page"}],"author":[{"embeddable":true,"href":"https:\/\/www.mulheresliberais.com\/blog\/wp-json\/wp\/v2\/users\/1"}],"replies":[{"embeddable":true,"href":"https:\/\/www.mulheresliberais.com\/blog\/wp-json\/wp\/v2\/comments?post=1099"}],"version-history":[{"count":4,"href":"https:\/\/www.mulheresliberais.com\/blog\/wp-json\/wp\/v2\/pages\/1099\/revisions"}],"predecessor-version":[{"id":1171,"href":"https:\/\/www.mulheresliberais.com\/blog\/wp-json\/wp\/v2\/pages\/1099\/revisions\/1171"}],"wp:attachment":[{"href":"https:\/\/www.mulheresliberais.com\/blog\/wp-json\/wp\/v2\/media?parent=1099"}],"curies":[{"name":"wp","href":"https:\/\/api.w.org\/{rel}","templated":true}]}}