{"id":1089,"date":"2015-08-12T14:54:23","date_gmt":"2015-08-12T14:54:23","guid":{"rendered":"http:\/\/www.mulheresliberais.com\/blog\/?page_id=1089"},"modified":"2015-08-12T14:54:23","modified_gmt":"2015-08-12T14:54:23","slug":"tenha-encontros-casuais-do-rio-grande-do-sul","status":"publish","type":"page","link":"https:\/\/www.mulheresliberais.com\/blog\/tenha-encontros-casuais-do-rio-grande-do-sul\/","title":{"rendered":"Tenha encontros casuais do Rio Grande do Sul"},"content":{"rendered":"<p>Sabia que as mulheres casadas do Rio Grande do Sul adoram ter encontros casuais? N\u00e3o? Ent\u00e3o pode mudar de ideias pois esta \u00e9 mesmo a verdadeira realidade, estas mulheres casadas gostosas andam sempre \u00e0 procura de inovar a sua vida sexual e nada melhor do que terem <a href=\"https:\/\/www.mulheresliberais.com\/blog\/encontros-extraconjugais-ganhar-confianca\/\">encontros extraconjugais<\/a>.<\/p>\n<p>Apaixone-se e viva momentos inesquec\u00edveis com mulheres infi\u00e9is que o que mais querem \u00e9 mesmo esquecer os seus casamentos sem amor e maridos que n\u00e3o lhes sabem dar prazer!<\/p>\n<p>N\u00e3o h\u00e1 nada melhor do que ter mulheres que tamb\u00e9m andam \u00e0 procura de encontros casuais nessas maravilhosas terras brasileiras!<\/p>\n<p>&nbsp;<\/p>\n<h2>Elas querem encontros casuais porque:<\/h2>\n<ul>\n<li>O marido n\u00e3o lhes d\u00e1 aten\u00e7\u00e3o;<\/li>\n<li>Seu casamento caiu na rotina e n\u00e3o h\u00e1 nada de novo;<\/li>\n<li>Querem se sentir amadas e desejadas por outros homens, n\u00e3o importa se s\u00e3o mais novos, mais velhos, s\u00f3 querem \u00e9 que sejam bonitos e interessantes;<\/li>\n<li>N\u00e3o querem perder tempo em bares e discotecas, por isso, utilizam o Site Mulheres Liberais e poupam muito tempo;<\/li>\n<li>Sentem-se novamente amadas e valorizadas;<\/li>\n<li>S\u00e3o reconhecidas por algu\u00e9m (o seu amante de sonho).<\/li>\n<\/ul>\n<p>&nbsp;<\/p>\n<p>Os nossos utilizadores querem sentir borboletas no estomago quando est\u00e3o prestes a ter esses encontros casuais, pois n\u00e3o h\u00e1 nada melhor do que se sentir novamente como um adolescente!<\/p>\n<p>&nbsp;<\/p>\n<h2>Essas s\u00e3o as declara\u00e7\u00f5es de homens e mulheres que t\u00eam esses encontros casuais:<\/h2>\n<p>&nbsp;<\/p>\n<blockquote><p><em>Costumo viajar bastante, meu trabalho assim o exige, sou casada mas gosto de transar com outras pessoas para ter a certeza que n\u00e3o perdi o jeito! Devo de confessar que os encontros casuais sem compromisso s\u00e3o do melhor que h\u00e1, n\u00e3o temos que d\u00e1 explica\u00e7\u00f5es de nada para ningu\u00e9m! Simplesmente temos bons encontros online e depois basta marcar um encontro real com essa pessoa se realmente houver qu\u00edmica\u2026\u00c9 fant\u00e1stico!<\/em><\/p>\n<p style=\"text-align: right;\"><em>Denise \u2013 Cachoeira do Sul<\/em><\/p>\n<\/blockquote>\n<p>&nbsp;<\/p>\n<blockquote><p><em>Oi galera, tenho 27 anos e sou casado mas minha vida sexual j\u00e1 n\u00e3o \u00e9 a mesma coisa e por isso tento procurar algo que me fa\u00e7a sentir vivo! Entrei no Mulheres Liberais para achar novas amizades e quem sabe, talvez ter encontros casuais com mulheres gostosas de Rio Grande do Sul, n\u00e3o importa a sua localiza\u00e7\u00e3o se agente se der bem vou te pegar! Me procura\u2026<\/em><\/p>\n<p style=\"text-align: right;\"><em>Rafael \u2013 Porto Alegre<\/em><\/p>\n<\/blockquote>\n<p>&nbsp;<\/p>\n<blockquote><p><em>Sou uma gata solteira por op\u00e7\u00e3o que quer se divertir e simplesmente ter encontros casuais, tanto com homens como outras mulheres! Quero experimentar tudo de bom que a vida tem para oferecer\u2026 Se voc\u00ea se quer divertir ent\u00e3o me contacta, fico te esperando. N\u00e3o importa se \u00e9 homem ou mulher casada, n\u00e3o quero nada de compromissos s\u00e9rios apenas me divertir!<\/em><\/p>\n<p style=\"text-align: right;\"><em>Mait\u00ea \u2013 Dom Pedrito<\/em><\/p>\n<\/blockquote>\n<p>&nbsp;<\/p>\n<p>Como pode ver, tanto esses homens como essas mulheres est\u00e3o buscando algo de diferente e como n\u00e3o conseguem encontrar sozinhos procuram no nosso site, Mulheres Liberais. Se \u00e9 uma dessas pessoas e se acima de tudo n\u00e3o quer perder tempo ent\u00e3o o melhor mesmo ser\u00e1 entrar e come\u00e7ar j\u00e1 a ter os seus encontros online\u2026.<\/p>\n","protected":false},"excerpt":{"rendered":"<p>Sabia que as mulheres casadas do Rio Grande do Sul adoram ter encontros casuais? N\u00e3o? Ent\u00e3o pode mudar de ideias pois esta \u00e9 mesmo a verdadeira realidade, estas mulheres casadas gostosas andam sempre \u00e0 procura de inovar a sua vida sexual e nada melhor do que terem encontros extraconjugais. Apaixone-se e viva momentos inesquec\u00edveis com mulheres infi\u00e9is que o que mais querem \u00e9 mesmo esquecer os seus casamentos sem amor e maridos que n\u00e3o lhes sabem dar prazer! N\u00e3o h\u00e1 nada melhor do que ter mulheres que tamb\u00e9m andam \u00e0 procura de encontros casuais nessas maravilhosas terras brasileiras! &nbsp; Elas <\/p>\n","protected":false},"author":1,"featured_media":0,"parent":0,"menu_order":0,"comment_status":"open","ping_status":"open","template":"","meta":{"spay_email":""},"yoast_head":"<!-- This site is optimized with the Yoast SEO plugin v17.9 - https:\/\/yoast.com\/wordpress\/plugins\/seo\/ -->\n<meta name=\"description\" content=\"Tenha encontros casuais do Rio Grande do Sul. Os encontros casuais s\u00e3o algo que todos no Rio Grande do Sul procuram, n\u00e3o importa se \u00e9 homem ou mulher!\" \/>\n<meta name=\"robots\" content=\"index, follow, max-snippet:-1, max-image-preview:large, max-video-preview:-1\" \/>\n<link rel=\"canonical\" href=\"https:\/\/www.mulheresliberais.com\/blog\/tenha-encontros-casuais-do-rio-grande-do-sul\/\" \/>\n<meta property=\"og:locale\" content=\"pt_PT\" \/>\n<meta property=\"og:type\" content=\"article\" \/>\n<meta property=\"og:title\" content=\"Tenha encontros casuais do Rio Grande do Sul - Mulheres Liberais\" \/>\n<meta property=\"og:description\" content=\"Tenha encontros casuais do Rio Grande do Sul. Os encontros casuais s\u00e3o algo que todos no Rio Grande do Sul procuram, n\u00e3o importa se \u00e9 homem ou mulher!\" \/>\n<meta property=\"og:url\" content=\"https:\/\/www.mulheresliberais.com\/blog\/tenha-encontros-casuais-do-rio-grande-do-sul\/\" \/>\n<meta property=\"og:site_name\" content=\"Mulheres Liberais\" \/>\n<meta name=\"twitter:label1\" content=\"Tempo estimado de leitura\" \/>\n\t<meta name=\"twitter:data1\" content=\"3 minutos\" \/>\n<script type=\"application\/ld+json\" class=\"yoast-schema-graph\">{\"@context\":\"https:\/\/schema.org\",\"@graph\":[{\"@type\":\"WebSite\",\"@id\":\"http:\/\/www.mulheresliberais.com\/blog\/#website\",\"url\":\"http:\/\/www.mulheresliberais.com\/blog\/\",\"name\":\"Mulheres Liberais\",\"description\":\"Encontros Sem Compromisso\",\"potentialAction\":[{\"@type\":\"SearchAction\",\"target\":{\"@type\":\"EntryPoint\",\"urlTemplate\":\"http:\/\/www.mulheresliberais.com\/blog\/?s={search_term_string}\"},\"query-input\":\"required name=search_term_string\"}],\"inLanguage\":\"pt-PT\"},{\"@type\":\"WebPage\",\"@id\":\"https:\/\/www.mulheresliberais.com\/blog\/tenha-encontros-casuais-do-rio-grande-do-sul\/#webpage\",\"url\":\"https:\/\/www.mulheresliberais.com\/blog\/tenha-encontros-casuais-do-rio-grande-do-sul\/\",\"name\":\"Tenha encontros casuais do Rio Grande do Sul - Mulheres Liberais\",\"isPartOf\":{\"@id\":\"http:\/\/www.mulheresliberais.com\/blog\/#website\"},\"datePublished\":\"2015-08-12T14:54:23+00:00\",\"dateModified\":\"2015-08-12T14:54:23+00:00\",\"description\":\"Tenha encontros casuais do Rio Grande do Sul. Os encontros casuais s\\u00e3o algo que todos no Rio Grande do Sul procuram, n\\u00e3o importa se \\u00e9 homem ou mulher!\",\"breadcrumb\":{\"@id\":\"https:\/\/www.mulheresliberais.com\/blog\/tenha-encontros-casuais-do-rio-grande-do-sul\/#breadcrumb\"},\"inLanguage\":\"pt-PT\",\"potentialAction\":[{\"@type\":\"ReadAction\",\"target\":[\"https:\/\/www.mulheresliberais.com\/blog\/tenha-encontros-casuais-do-rio-grande-do-sul\/\"]}]},{\"@type\":\"BreadcrumbList\",\"@id\":\"https:\/\/www.mulheresliberais.com\/blog\/tenha-encontros-casuais-do-rio-grande-do-sul\/#breadcrumb\",\"itemListElement\":[{\"@type\":\"ListItem\",\"position\":1,\"name\":\"Home\",\"item\":\"http:\/\/www.mulheresliberais.com\/blog\/\"},{\"@type\":\"ListItem\",\"position\":2,\"name\":\"Tenha encontros casuais do Rio Grande do Sul\"}]}]}<\/script>\n<!-- \/ Yoast SEO plugin. -->","yoast_head_json":{"description":"Tenha encontros casuais do Rio Grande do Sul. Os encontros casuais s\u00e3o algo que todos no Rio Grande do Sul procuram, n\u00e3o importa se \u00e9 homem ou mulher!","robots":{"index":"index","follow":"follow","max-snippet":"max-snippet:-1","max-image-preview":"max-image-preview:large","max-video-preview":"max-video-preview:-1"},"canonical":"https:\/\/www.mulheresliberais.com\/blog\/tenha-encontros-casuais-do-rio-grande-do-sul\/","og_locale":"pt_PT","og_type":"article","og_title":"Tenha encontros casuais do Rio Grande do Sul - Mulheres Liberais","og_description":"Tenha encontros casuais do Rio Grande do Sul. Os encontros casuais s\u00e3o algo que todos no Rio Grande do Sul procuram, n\u00e3o importa se \u00e9 homem ou mulher!","og_url":"https:\/\/www.mulheresliberais.com\/blog\/tenha-encontros-casuais-do-rio-grande-do-sul\/","og_site_name":"Mulheres Liberais","twitter_misc":{"Tempo estimado de leitura":"3 minutos"},"schema":{"@context":"https:\/\/schema.org","@graph":[{"@type":"WebSite","@id":"http:\/\/www.mulheresliberais.com\/blog\/#website","url":"http:\/\/www.mulheresliberais.com\/blog\/","name":"Mulheres Liberais","description":"Encontros Sem Compromisso","potentialAction":[{"@type":"SearchAction","target":{"@type":"EntryPoint","urlTemplate":"http:\/\/www.mulheresliberais.com\/blog\/?s={search_term_string}"},"query-input":"required name=search_term_string"}],"inLanguage":"pt-PT"},{"@type":"WebPage","@id":"https:\/\/www.mulheresliberais.com\/blog\/tenha-encontros-casuais-do-rio-grande-do-sul\/#webpage","url":"https:\/\/www.mulheresliberais.com\/blog\/tenha-encontros-casuais-do-rio-grande-do-sul\/","name":"Tenha encontros casuais do Rio Grande do Sul - Mulheres Liberais","isPartOf":{"@id":"http:\/\/www.mulheresliberais.com\/blog\/#website"},"datePublished":"2015-08-12T14:54:23+00:00","dateModified":"2015-08-12T14:54:23+00:00","description":"Tenha encontros casuais do Rio Grande do Sul. Os encontros casuais s\u00e3o algo que todos no Rio Grande do Sul procuram, n\u00e3o importa se \u00e9 homem ou mulher!","breadcrumb":{"@id":"https:\/\/www.mulheresliberais.com\/blog\/tenha-encontros-casuais-do-rio-grande-do-sul\/#breadcrumb"},"inLanguage":"pt-PT","potentialAction":[{"@type":"ReadAction","target":["https:\/\/www.mulheresliberais.com\/blog\/tenha-encontros-casuais-do-rio-grande-do-sul\/"]}]},{"@type":"BreadcrumbList","@id":"https:\/\/www.mulheresliberais.com\/blog\/tenha-encontros-casuais-do-rio-grande-do-sul\/#breadcrumb","itemListElement":[{"@type":"ListItem","position":1,"name":"Home","item":"http:\/\/www.mulheresliberais.com\/blog\/"},{"@type":"ListItem","position":2,"name":"Tenha encontros casuais do Rio Grande do Sul"}]}]}},"jetpack_sharing_enabled":true,"jetpack_shortlink":"https:\/\/wp.me\/P6gLwv-hz","jetpack-related-posts":[{"id":1108,"url":"https:\/\/www.mulheresliberais.com\/blog\/casadas-para-encontros-em-mato-grosso\/","url_meta":{"origin":1089,"position":0},"title":"Casadas para encontros em Mato Grosso","date":"","format":false,"excerpt":"A vida de casada a deixa insatisfeita?\u00a0Seu marido est\u00e1 sempre trabalhando, deixou de te dar carinho e afeto? Deixo de ter prazer em\u00a0sua rela\u00e7\u00e3o sexual? Se for o caso n\u00e3o desespere, pois n\u00e3o est\u00e1 sozinha. Muitas mulheres se encontram na mesma situa\u00e7\u00e3o e conseguiram encontrar ref\u00fagio nos bra\u00e7os de um\u2026","rel":"","context":"Similar post","img":{"alt_text":"","src":"","width":0,"height":0},"classes":[]},{"id":1117,"url":"https:\/\/www.mulheresliberais.com\/blog\/encontros-sexuais-em-mato-grosso-do-sul\/","url_meta":{"origin":1089,"position":1},"title":"Encontros sexuais em Mato Grosso do Sul","date":"","format":false,"excerpt":"Nos sites de encontros, podemos encontrar todo o tipo de pessoa, com os mais variados gostos. Algumas pessoas procuram a sua alma g\u00e9mea, outras procuram pessoas com os mesmos fetiches e fantasias, e outras apenas procuram apenas indiv\u00edduos, ou grupos, para terem encontros sexuais casuais. No Mulheres Liberais, pode encontrar\u2026","rel":"","context":"With 49 comments","img":{"alt_text":"","src":"","width":0,"height":0},"classes":[]},{"id":891,"url":"https:\/\/www.mulheresliberais.com\/blog\/encontros-casuais-com-mulheres-em-coimbra\/","url_meta":{"origin":1089,"position":2},"title":"Encontros casuais com mulheres em Coimbra","date":"","format":false,"excerpt":"Sejam elas de Coimbra ou arredores como de Cantanhede, Penacova ou Miranda do Corvo, estas mulheres casadas infi\u00e9is nunca est\u00e3o satisfeitas com o que t\u00eam e a sua fome por mais e mais \u00e9 cada vez maior! Se \u00e9 um homem bonito e interessante ent\u00e3o poder\u00e1 ter a sorte de\u2026","rel":"","context":"Similar post","img":{"alt_text":"","src":"","width":0,"height":0},"classes":[]},{"id":907,"url":"https:\/\/www.mulheresliberais.com\/blog\/mulheres-liberais-querem-homens-de-portalegre\/","url_meta":{"origin":1089,"position":3},"title":"Mulheres liberais querem homens de Portalegre","date":"","format":false,"excerpt":"As mulheres liberais est\u00e3o numa constante procure por homens em Portalegre, n\u00e3o h\u00e1 nada melhor para elas do que marcarem encontros casuais cheios de prazer e tes\u00e3o. A cada dia que se passa n\u00e3o h\u00e1 nada que estas mulheres liberais queiram mais do que amantes de sonho que saibam preencher\u2026","rel":"","context":"With 9 comments","img":{"alt_text":"mulheres liberais","src":"https:\/\/i0.wp.com\/www.mulheresliberais.com\/blog\/wp-content\/uploads\/2015\/07\/mulheres-liberais.jpg?resize=350%2C200&ssl=1","width":350,"height":200},"classes":[]},{"id":1114,"url":"https:\/\/www.mulheresliberais.com\/blog\/encontrar-casadas-na-regiao-de-minas-gerais\/","url_meta":{"origin":1089,"position":4},"title":"Encontrar casadas na regi\u00e3o de Minas Gerais","date":"","format":false,"excerpt":"Mulher casada \u00e0 procura de amante \u00e9 coisa que n\u00e3o falta em Minas Gerais. Acredite que n\u00e3o \u00e9 nada dif\u00edcil encontrar casadas com desejo de trair seus maridos. Existem muitas raz\u00f5es para elas quererem amantes. O marido n\u00e3o lhes d\u00e1 a aten\u00e7\u00e3o de que necessitam, est\u00e3o fartas da mesma rotina\u2026","rel":"","context":"With 9 comments","img":{"alt_text":"","src":"","width":0,"height":0},"classes":[]},{"id":749,"url":"https:\/\/www.mulheresliberais.com\/blog\/esposas-infieis-em-lisboa\/","url_meta":{"origin":1089,"position":5},"title":"Esposas infi\u00e9is em Lisboa","date":"","format":false,"excerpt":"Muitas esposas infi\u00e9is procuram homens para terem encontros secretos e picantes em Lisboa, a cada dia que passa cada vez mais h\u00e1 mulheres casadas que querem um amante! Por vezes, estas mulheres casadas infi\u00e9is procuram algu\u00e9m que lhes queira dar amor e aten\u00e7\u00e3o pois o seu casamento j\u00e1 n\u00e3o funciona\u2026","rel":"","context":"With 28 comments","img":{"alt_text":"esposas infi\u00e9is","src":"https:\/\/i2.wp.com\/www.mulheresliberais.com\/blog\/wp-content\/uploads\/2015\/07\/esposas-infi\u00e9is.jpg?resize=350%2C200&ssl=1","width":350,"height":200},"classes":[]}],"_links":{"self":[{"href":"https:\/\/www.mulheresliberais.com\/blog\/wp-json\/wp\/v2\/pages\/1089"}],"collection":[{"href":"https:\/\/www.mulheresliberais.com\/blog\/wp-json\/wp\/v2\/pages"}],"about":[{"href":"https:\/\/www.mulheresliberais.com\/blog\/wp-json\/wp\/v2\/types\/page"}],"author":[{"embeddable":true,"href":"https:\/\/www.mulheresliberais.com\/blog\/wp-json\/wp\/v2\/users\/1"}],"replies":[{"embeddable":true,"href":"https:\/\/www.mulheresliberais.com\/blog\/wp-json\/wp\/v2\/comments?post=1089"}],"version-history":[{"count":4,"href":"https:\/\/www.mulheresliberais.com\/blog\/wp-json\/wp\/v2\/pages\/1089\/revisions"}],"predecessor-version":[{"id":1179,"href":"https:\/\/www.mulheresliberais.com\/blog\/wp-json\/wp\/v2\/pages\/1089\/revisions\/1179"}],"wp:attachment":[{"href":"https:\/\/www.mulheresliberais.com\/blog\/wp-json\/wp\/v2\/media?parent=1089"}],"curies":[{"name":"wp","href":"https:\/\/api.w.org\/{rel}","templated":true}]}}